{"id":1782,"date":"2023-06-01T12:29:09","date_gmt":"2023-06-01T10:29:09","guid":{"rendered":"https:\/\/lhydroptere.com\/?page_id=1782"},"modified":"2024-01-23T12:27:14","modified_gmt":"2024-01-23T11:27:14","slug":"communication","status":"publish","type":"page","link":"https:\/\/lhydroptere.com\/en\/communication\/","title":{"rendered":"Communication"},"content":{"rendered":"<div id='section1communication'  class='avia-section av-likb3hgs-829a737a2e755c72982d7514bc3dc433 main_color avia-section-default avia-no-border-styling  avia-builder-el-0  el_before_av_section  avia-builder-el-first  section1full avia-bg-style-scroll container_wrap fullsize'  ><div class='container av-section-cont-open' ><main  role=\"main\" itemprop=\"mainContentOfPage\"  class='template-page content  av-content-full alpha units'><div class='post-entry post-entry-type-page post-entry-1782'><div class='entry-content-wrapper clearfix'>\n<div class='flex_column av-3ahxwm-28abe267615cf90ce729e787df307c2e av_one_full  avia-builder-el-1  avia-builder-el-no-sibling  first flex_column_div'     ><br \/>\n<section  class='av_textblock_section av-liaa7s8v-757beab4290040035b127b6779262a2a'  itemscope=\"itemscope\" itemtype=\"https:\/\/schema.org\/CreativeWork\" ><div class='avia_textblock white'  itemprop=\"text\" ><p>Put the reputation, commitment to the ecological transition, prestige and excellence of L'Hydropt\u00e8re and L'Hydropt\u00e8re.ch to work for you <strong>serving your image and developing your B2B \/ B2C business<\/strong>.<\/p>\n<p>Fascinate and attract the general public as well as luxury and ultra-luxury clients, professionals and companies by <strong>communicating about our exceptional yachts<\/strong>.<\/p>\n<\/div><\/section><br \/>\n<br \/>\n<br \/>\n<\/p><\/div>\n\n<\/div><\/div><\/main><!-- close content main element --><\/div><\/div><div id='av_section_2'  class='avia-section av-cterhi-f1955de47f3cb8d27987b46fe7f5fc5d main_color avia-section-default avia-no-border-styling  avia-builder-el-7  el_after_av_section  el_before_av_section  avia-bg-style-scroll container_wrap fullsize'  ><div class='container av-section-cont-open' ><div class='template-page content  av-content-full alpha units'><div class='post-entry post-entry-type-page post-entry-1782'><div class='entry-content-wrapper clearfix'>\n<div class='flex_column av-aznv5i-5316e7bd9be9a8e997638b9267f0e5a9 av_one_full  avia-builder-el-8  avia-builder-el-no-sibling  first flex_column_div'     ><br \/>\n<br \/>\n<br \/>\n<br \/>\n<\/p><\/div><\/div><\/div><\/div><!-- close content main div --><\/div><\/div><div id='av_section_3'  class='avia-section av-576pyu-ab7ad8a4ef5c832b921eb56c7462437f main_color avia-section-default avia-no-border-styling  avia-builder-el-14  el_after_av_section  el_before_av_section  fondopaquebleu avia-bg-style-scroll container_wrap fullsize'  ><div class='container av-section-cont-open' ><div class='template-page content  av-content-full alpha units'><div class='post-entry post-entry-type-page post-entry-1782'><div class='entry-content-wrapper clearfix'>\n<div class='flex_column av-2b5nfq-2792f3838fdc6a5da909ca3525cf7136 av_one_full  avia-builder-el-15  el_before_av_one_full  avia-builder-el-first  first flex_column_div'     ><\/div><div class='flex_column av-44q4ae-005dbc77e8b4154ad396e05a54ce3ac8 av_one_full  avia-builder-el-17  el_after_av_one_full  avia-builder-el-last  first flex_column_div column-top-margin'     ><\/div>\n<\/p>\n<\/div><\/div><\/div><!-- close content main div --><\/div><\/div><div id='av_section_4'  class='avia-section av-5h05qe-2127a701a0f4bea4830f611d88184c03 main_color avia-section-default avia-no-border-styling  avia-builder-el-19  el_after_av_section  avia-builder-el-last  sectionfooter avia-bg-style-scroll container_wrap fullsize'  ><div class='container av-section-cont-open' ><div class='template-page content  av-content-full alpha units'><div class='post-entry post-entry-type-page post-entry-1782'><div class='entry-content-wrapper clearfix'>\n<div class='flex_column av-fhiti-f9e8ab02d3bf733b70613a2452b13279 av_one_full  avia-builder-el-20  avia-builder-el-no-sibling  first flex_column_div'     ><\/div>","protected":false},"excerpt":{"rendered":"","protected":false},"author":2,"featured_media":0,"parent":0,"menu_order":0,"comment_status":"closed","ping_status":"closed","template":"","meta":{"inline_featured_image":false,"footnotes":""},"class_list":["post-1782","page","type-page","status-publish","hentry"],"yoast_head":"<!-- This site is optimized with the Yoast SEO plugin v20.5 - https:\/\/yoast.com\/wordpress\/plugins\/seo\/ -->\n<title>Communication - L&#039;Hydroptere 2.0<\/title>\n<meta name=\"description\" content=\"L&#039;HYDROPTERE 2.0 vous permet de booster votre communication \u00e0 bord de 2 plateformes prestigieuses: L&#039;Hydropt\u00e8re et L&#039;Hydropt\u00e8re.ch.\" \/>\n<meta name=\"robots\" content=\"index, follow, max-snippet:-1, max-image-preview:large, max-video-preview:-1\" \/>\n<link rel=\"canonical\" href=\"https:\/\/lhydroptere.com\/en\/communication\/\" \/>\n<meta property=\"og:locale\" content=\"en_US\" \/>\n<meta property=\"og:type\" content=\"article\" \/>\n<meta property=\"og:title\" content=\"Communication - L&#039;Hydroptere 2.0\" \/>\n<meta property=\"og:description\" content=\"L&#039;HYDROPTERE 2.0 vous permet de booster votre communication \u00e0 bord de 2 plateformes prestigieuses: L&#039;Hydropt\u00e8re et L&#039;Hydropt\u00e8re.ch.\" \/>\n<meta property=\"og:url\" content=\"https:\/\/lhydroptere.com\/en\/communication\/\" \/>\n<meta property=\"og:site_name\" content=\"L&#039;Hydroptere 2.0\" \/>\n<meta property=\"article:publisher\" content=\"https:\/\/www.facebook.com\/lhydroptere\/\" \/>\n<meta property=\"article:modified_time\" content=\"2024-01-23T11:27:14+00:00\" \/>\n<meta property=\"og:image\" content=\"https:\/\/lhydroptere.com\/wp-content\/uploads\/2023\/07\/naval-group-2.svg\" \/>\n<meta name=\"twitter:card\" content=\"summary_large_image\" \/>\n<meta name=\"twitter:label1\" content=\"Est. reading time\" \/>\n\t<meta name=\"twitter:data1\" content=\"13 minutes\" \/>\n<script type=\"application\/ld+json\" class=\"yoast-schema-graph\">{\"@context\":\"https:\/\/schema.org\",\"@graph\":[{\"@type\":\"WebPage\",\"@id\":\"https:\/\/lhydroptere.com\/communication\/\",\"url\":\"https:\/\/lhydroptere.com\/communication\/\",\"name\":\"Communication - L&#039;Hydroptere 2.0\",\"isPartOf\":{\"@id\":\"https:\/\/lhydroptere.com\/#website\"},\"datePublished\":\"2023-06-01T10:29:09+00:00\",\"dateModified\":\"2024-01-23T11:27:14+00:00\",\"description\":\"L'HYDROPTERE 2.0 vous permet de booster votre communication \u00e0 bord de 2 plateformes prestigieuses: L'Hydropt\u00e8re et L'Hydropt\u00e8re.ch.\",\"breadcrumb\":{\"@id\":\"https:\/\/lhydroptere.com\/communication\/#breadcrumb\"},\"inLanguage\":\"en-US\",\"potentialAction\":[{\"@type\":\"ReadAction\",\"target\":[\"https:\/\/lhydroptere.com\/communication\/\"]}]},{\"@type\":\"BreadcrumbList\",\"@id\":\"https:\/\/lhydroptere.com\/communication\/#breadcrumb\",\"itemListElement\":[{\"@type\":\"ListItem\",\"position\":1,\"name\":\"Accueil\",\"item\":\"https:\/\/lhydroptere.com\/\"},{\"@type\":\"ListItem\",\"position\":2,\"name\":\"Communication\"}]},{\"@type\":\"WebSite\",\"@id\":\"https:\/\/lhydroptere.com\/#website\",\"url\":\"https:\/\/lhydroptere.com\/\",\"name\":\"L'Hydroptere 2.0\",\"description\":\"\",\"publisher\":{\"@id\":\"https:\/\/lhydroptere.com\/#organization\"},\"potentialAction\":[{\"@type\":\"SearchAction\",\"target\":{\"@type\":\"EntryPoint\",\"urlTemplate\":\"https:\/\/lhydroptere.com\/?s={search_term_string}\"},\"query-input\":\"required name=search_term_string\"}],\"inLanguage\":\"en-US\"},{\"@type\":\"Organization\",\"@id\":\"https:\/\/lhydroptere.com\/#organization\",\"name\":\"L'Hydroptere 2.0\",\"url\":\"https:\/\/lhydroptere.com\/\",\"logo\":{\"@type\":\"ImageObject\",\"inLanguage\":\"en-US\",\"@id\":\"https:\/\/lhydroptere.com\/#\/schema\/logo\/image\/\",\"url\":\"https:\/\/lhydroptere.com\/wp-content\/uploads\/2023\/01\/Fichier-32.png\",\"contentUrl\":\"https:\/\/lhydroptere.com\/wp-content\/uploads\/2023\/01\/Fichier-32.png\",\"width\":194,\"height\":194,\"caption\":\"L'Hydroptere 2.0\"},\"image\":{\"@id\":\"https:\/\/lhydroptere.com\/#\/schema\/logo\/image\/\"},\"sameAs\":[\"https:\/\/www.facebook.com\/lhydroptere\/\",\"https:\/\/www.linkedin.com\/company\/lhydroptere\/\",\"https:\/\/www.instagram.com\/lhydroptere\/\"]}]}<\/script>\n<!-- \/ Yoast SEO plugin. -->","yoast_head_json":{"title":"Communication - L&#039;Hydroptere 2.0","description":"L'HYDROPTERE 2.0 vous permet de booster votre communication \u00e0 bord de 2 plateformes prestigieuses: L'Hydropt\u00e8re et L'Hydropt\u00e8re.ch.","robots":{"index":"index","follow":"follow","max-snippet":"max-snippet:-1","max-image-preview":"max-image-preview:large","max-video-preview":"max-video-preview:-1"},"canonical":"https:\/\/lhydroptere.com\/en\/communication\/","og_locale":"en_US","og_type":"article","og_title":"Communication - L&#039;Hydroptere 2.0","og_description":"L'HYDROPTERE 2.0 vous permet de booster votre communication \u00e0 bord de 2 plateformes prestigieuses: L'Hydropt\u00e8re et L'Hydropt\u00e8re.ch.","og_url":"https:\/\/lhydroptere.com\/en\/communication\/","og_site_name":"L&#039;Hydroptere 2.0","article_publisher":"https:\/\/www.facebook.com\/lhydroptere\/","article_modified_time":"2024-01-23T11:27:14+00:00","og_image":[{"url":"https:\/\/lhydroptere.com\/wp-content\/uploads\/2023\/07\/naval-group-2.svg"}],"twitter_card":"summary_large_image","twitter_misc":{"Est. reading time":"13 minutes"},"schema":{"@context":"https:\/\/schema.org","@graph":[{"@type":"WebPage","@id":"https:\/\/lhydroptere.com\/communication\/","url":"https:\/\/lhydroptere.com\/communication\/","name":"Communication - L&#039;Hydroptere 2.0","isPartOf":{"@id":"https:\/\/lhydroptere.com\/#website"},"datePublished":"2023-06-01T10:29:09+00:00","dateModified":"2024-01-23T11:27:14+00:00","description":"L'HYDROPTERE 2.0 vous permet de booster votre communication \u00e0 bord de 2 plateformes prestigieuses: L'Hydropt\u00e8re et L'Hydropt\u00e8re.ch.","breadcrumb":{"@id":"https:\/\/lhydroptere.com\/communication\/#breadcrumb"},"inLanguage":"en-US","potentialAction":[{"@type":"ReadAction","target":["https:\/\/lhydroptere.com\/communication\/"]}]},{"@type":"BreadcrumbList","@id":"https:\/\/lhydroptere.com\/communication\/#breadcrumb","itemListElement":[{"@type":"ListItem","position":1,"name":"Accueil","item":"https:\/\/lhydroptere.com\/"},{"@type":"ListItem","position":2,"name":"Communication"}]},{"@type":"WebSite","@id":"https:\/\/lhydroptere.com\/#website","url":"https:\/\/lhydroptere.com\/","name":"L'Hydroptere 2.0","description":"","publisher":{"@id":"https:\/\/lhydroptere.com\/#organization"},"potentialAction":[{"@type":"SearchAction","target":{"@type":"EntryPoint","urlTemplate":"https:\/\/lhydroptere.com\/?s={search_term_string}"},"query-input":"required name=search_term_string"}],"inLanguage":"en-US"},{"@type":"Organization","@id":"https:\/\/lhydroptere.com\/#organization","name":"L'Hydroptere 2.0","url":"https:\/\/lhydroptere.com\/","logo":{"@type":"ImageObject","inLanguage":"en-US","@id":"https:\/\/lhydroptere.com\/#\/schema\/logo\/image\/","url":"https:\/\/lhydroptere.com\/wp-content\/uploads\/2023\/01\/Fichier-32.png","contentUrl":"https:\/\/lhydroptere.com\/wp-content\/uploads\/2023\/01\/Fichier-32.png","width":194,"height":194,"caption":"L'Hydroptere 2.0"},"image":{"@id":"https:\/\/lhydroptere.com\/#\/schema\/logo\/image\/"},"sameAs":["https:\/\/www.facebook.com\/lhydroptere\/","https:\/\/www.linkedin.com\/company\/lhydroptere\/","https:\/\/www.instagram.com\/lhydroptere\/"]}]}},"_links":{"self":[{"href":"https:\/\/lhydroptere.com\/en\/wp-json\/wp\/v2\/pages\/1782","targetHints":{"allow":["GET"]}}],"collection":[{"href":"https:\/\/lhydroptere.com\/en\/wp-json\/wp\/v2\/pages"}],"about":[{"href":"https:\/\/lhydroptere.com\/en\/wp-json\/wp\/v2\/types\/page"}],"author":[{"embeddable":true,"href":"https:\/\/lhydroptere.com\/en\/wp-json\/wp\/v2\/users\/2"}],"replies":[{"embeddable":true,"href":"https:\/\/lhydroptere.com\/en\/wp-json\/wp\/v2\/comments?post=1782"}],"version-history":[{"count":29,"href":"https:\/\/lhydroptere.com\/en\/wp-json\/wp\/v2\/pages\/1782\/revisions"}],"predecessor-version":[{"id":2430,"href":"https:\/\/lhydroptere.com\/en\/wp-json\/wp\/v2\/pages\/1782\/revisions\/2430"}],"wp:attachment":[{"href":"https:\/\/lhydroptere.com\/en\/wp-json\/wp\/v2\/media?parent=1782"}],"curies":[{"name":"wp","href":"https:\/\/api.w.org\/{rel}","templated":true}]}}