{"id":1919,"date":"2023-06-23T14:33:32","date_gmt":"2023-06-23T12:33:32","guid":{"rendered":"https:\/\/lhydroptere.com\/?page_id=1919"},"modified":"2024-05-15T14:15:00","modified_gmt":"2024-05-15T12:15:00","slug":"recherche-et-innovation","status":"publish","type":"page","link":"https:\/\/lhydroptere.com\/en\/research-and-innovation\/","title":{"rendered":"Research &amp; Innovation"},"content":{"rendered":"<div id='section1communication'  class='avia-section av-likb3hgs-829a737a2e755c72982d7514bc3dc433 main_color avia-section-default avia-no-border-styling  avia-builder-el-0  el_before_av_section  avia-builder-el-first  section1full avia-bg-style-scroll container_wrap fullsize'  ><div class='container av-section-cont-open' ><main  role=\"main\" itemprop=\"mainContentOfPage\"  class='template-page content  av-content-full alpha units'><div class='post-entry post-entry-type-page post-entry-1919'><div class='entry-content-wrapper clearfix'>\n<div class='flex_column av-3ahxwm-28abe267615cf90ce729e787df307c2e av_one_full  avia-builder-el-1  avia-builder-el-no-sibling  first flex_column_div'     ><br \/>\n<section  class='av_textblock_section av-liaa7s8v-757beab4290040035b127b6779262a2a'  itemscope=\"itemscope\" itemtype=\"https:\/\/schema.org\/CreativeWork\" ><div class='avia_textblock white'  itemprop=\"text\" ><p class=\" translation-block\">L'HYDROPTERE 2.0 benefits from the exceptional opportunity to interconnect and mobilize companies, research laboratories, schools &amp; universities around <strong>innovative and disruptive projects with an economic AND environmental ROI.<\/strong><\/p>\n<p class=\" translation-block\">L'HYDROPTERE 2.0 advocates <strong>responsible growth in the service of people and the environment<\/strong>, based on science and innovation for more efficient means of transport and energy production, as well as the sustainability and upgradability of goods.<\/p>\n<\/div><\/section><\/p><\/div>\n\n<\/div><\/div><\/main><!-- close content main element --><\/div><\/div><div id='av_section_2'  class='avia-section av-576pyu-ab7ad8a4ef5c832b921eb56c7462437f main_color avia-section-default avia-no-border-styling  avia-builder-el-4  el_after_av_section  el_before_av_section  fondopaquebleu avia-bg-style-scroll container_wrap fullsize'  ><div class='container av-section-cont-open' ><div class='template-page content  av-content-full alpha units'><div class='post-entry post-entry-type-page post-entry-1919'><div class='entry-content-wrapper clearfix'>\n<div class='flex_column av-44q4ae-005dbc77e8b4154ad396e05a54ce3ac8 av_one_full  avia-builder-el-5  avia-builder-el-no-sibling  first flex_column_div'     ><br \/>\n<br \/>\n<br \/>\n<br \/>\n<div  id=\"roadmapmobile\"  class='avia-content-slider-element-container av-lj8o1s57-3a4f1f3c1a9dafa3d6ec6e1a8a10f894 avia-content-slider-element-slider avia-content-slider avia-smallarrow-slider avia-content-slider-active avia-content-slider-odd  avia-builder-el-10  el_after_av_codeblock  avia-builder-el-last  av-slideshow-ui av-control-minimal av-control-minimal-dark av-nav-arrows-visible av-nav-dots-visible av-hide-nav-arrows av-slideshow-manual av-loop-once av-loop-manual-endless avia-content-slider1' data-slideshow-options=\"{&quot;animation&quot;:&quot;slide&quot;,&quot;autoplay&quot;:false,&quot;loop_autoplay&quot;:&quot;once&quot;,&quot;interval&quot;:5,&quot;loop_manual&quot;:&quot;manual-endless&quot;,&quot;autoplay_stopper&quot;:false,&quot;noNavigation&quot;:false,&quot;bg_slider&quot;:false,&quot;keep_padding&quot;:&quot;&quot;,&quot;hoverpause&quot;:false,&quot;show_slide_delay&quot;:30}\"><div class='avia-smallarrow-slider-heading  no-content-slider-heading'><div class='new-special-heading'>&nbsp;<\/div><div class='avia-slideshow-arrows avia-slideshow-controls' ><a href='#prev' class='prev-slide' aria-hidden='true' data-av_icon='\ue87c' data-av_iconfont='entypo-fontello'  tabindex='-1'>Previous<\/a><a href='#next' class='next-slide' aria-hidden='true' data-av_icon='\ue87d' data-av_iconfont='entypo-fontello'  tabindex='-1'>Next<\/a><\/div><div class='avia-slideshow-dots avia-slideshow-controls'><a href='#1' class='goto-slide active' >1<\/a><a href='#2' class='goto-slide' >2<\/a><a href='#3' class='goto-slide' >3<\/a><a href='#4' class='goto-slide' >4<\/a><a href='#5' class='goto-slide' >5<\/a><\/div><\/div><div class=\"avia-content-slider-inner\"><div class=\"slide-entry-wrap\"><section class='slide-entry av-lj8o1nnu-8b2b4d9571ee10b0424d9f26efacb6ad flex_column av_fullwidth post-entry slide-entry-overview slide-loop-1 slide-parity-odd  first'  itemscope=\"itemscope\" itemtype=\"https:\/\/schema.org\/CreativeWork\" ><h3 class='slide-entry-title entry-title'  itemprop=\"headline\" >2023: Launch of R&amp;D<\/h3><div class='slide-entry-excerpt entry-content'  itemprop=\"text\" ><p class=\" translation-block\"><img class=\"iconeroadmap\" src=\"\/wp-content\/uploads\/2023\/06\/rd-orange.svg\" style=\"left: 0px\">Creation of a consortium of academic and industrial partners around <strong>R&amp;D topics with high environmental stake<\/strong>.<\/p>\n<\/div><\/section><\/div><div class=\"slide-entry-wrap\"><section class='slide-entry av-lj8o1rv1-6318f35c447bd5010fa0485e21fc061b flex_column av_fullwidth post-entry slide-entry-overview slide-loop-2 slide-parity-odd  first'  itemscope=\"itemscope\" itemtype=\"https:\/\/schema.org\/CreativeWork\" ><h3 class='slide-entry-title entry-title'  itemprop=\"headline\" >Nextgen foils<\/h3><div class='slide-entry-excerpt entry-content'  itemprop=\"text\" ><p class=\" translation-block\"><img class=\"iconeroadmap\" src=\"\/wp-content\/uploads\/2023\/06\/bateau-foil-orange.svg\" style=\"left: 0px\">Contribute to the <strong>decarbonization of maritime transport<\/strong> by developing a foil concept that is efficient over a wide speed range (0 - 80 knots).<\/p>\n<\/div><\/section><\/div><div class=\"slide-entry-wrap\"><section class='slide-entry av-6tex1b-023500891b842f6ed3f29e2f18c92cd9 flex_column av_fullwidth post-entry slide-entry-overview slide-loop-3 slide-parity-odd  first'  itemscope=\"itemscope\" itemtype=\"https:\/\/schema.org\/CreativeWork\" ><h3 class='slide-entry-title entry-title'  itemprop=\"headline\" >Optimisation des syst\u00e8mes d\u2019\u00e9copage<\/h3><div class='slide-entry-excerpt entry-content'  itemprop=\"text\" ><p class=\" translation-block\"><img class=\"iconeroadmap\" src=\"\/wp-content\/uploads\/2023\/06\/canadair-orange.svg\" style=\"left: 0px\">Contribute to the <strong>fight against global warming<\/strong> (and more specifically the fight against forest fires) by optimizing the current canadair scooping system and developing a new scooping system without ditching.<\/p>\n<\/div><\/section><\/div><div class=\"slide-entry-wrap\"><section class='slide-entry av-4sqqxr-0714402fb31485ca904581f5c5ffaa57 flex_column av_fullwidth post-entry slide-entry-overview slide-loop-4 slide-parity-odd  first'  itemscope=\"itemscope\" itemtype=\"https:\/\/schema.org\/CreativeWork\" ><h3 class='slide-entry-title entry-title'  itemprop=\"headline\" >Foils pour engin \u00e0 effets de sol<\/h3><div class='slide-entry-excerpt entry-content'  itemprop=\"text\" ><p class=\" translation-block\"><img class=\"iconeroadmap\" src=\"\/wp-content\/uploads\/2023\/06\/airfish-orange.svg\" style=\"left: 0px\">Contribute to the <strong>decarbonization of coastal air transport<\/strong> through the development of electrically-powered hydrofoil ground-effect aircraft capable of taking off and landing on rough seas.<\/p>\n<\/div><\/section><\/div><div class=\"slide-entry-wrap\"><section class='slide-entry av-2zkurz-39a2d5ce773ccaf6f9d3d67a1a21679c flex_column av_fullwidth post-entry slide-entry-overview slide-loop-5 slide-parity-odd  post-entry-last  first'  itemscope=\"itemscope\" itemtype=\"https:\/\/schema.org\/CreativeWork\" ><h3 class='slide-entry-title entry-title'  itemprop=\"headline\" >Foils for seaplanes<\/h3><div class='slide-entry-excerpt entry-content'  itemprop=\"text\" ><p class=\" translation-block\"><img class=\"iconeroadmap\" src=\"\/wp-content\/uploads\/2023\/06\/seaplane-orange.svg\" style=\"left: 0px\">Contribute to the <strong>decarbonization of air transport<\/strong> by developing hydrofoil seaplanes with a wider range of use.<\/p>\n<\/div><\/section><\/div><\/div><\/div><\/p><\/div><\/div><\/div><\/div><!-- close content main div --><\/div><\/div><div id='av_section_3'  class='avia-section av-5h05qe-2127a701a0f4bea4830f611d88184c03 main_color avia-section-default avia-no-border-styling  avia-builder-el-11  el_after_av_section  avia-builder-el-last  sectionfooter avia-bg-style-scroll container_wrap fullsize'  ><div class='container av-section-cont-open' ><div class='template-page content  av-content-full alpha units'><div class='post-entry post-entry-type-page post-entry-1919'><div class='entry-content-wrapper clearfix'>\n<div class='flex_column av-fhiti-f9e8ab02d3bf733b70613a2452b13279 av_one_full  avia-builder-el-12  avia-builder-el-no-sibling  first flex_column_div'     ><\/div>\n<\/p>","protected":false},"excerpt":{"rendered":"","protected":false},"author":2,"featured_media":0,"parent":0,"menu_order":0,"comment_status":"closed","ping_status":"closed","template":"","meta":{"inline_featured_image":false,"footnotes":""},"class_list":["post-1919","page","type-page","status-publish","hentry"],"yoast_head":"<!-- This site is optimized with the Yoast SEO plugin v20.5 - https:\/\/yoast.com\/wordpress\/plugins\/seo\/ -->\n<title>Recherche et Innovation - L&#039;Hydroptere 2.0<\/title>\n<meta name=\"description\" content=\"L&#039;HYDROPTERE 2.0 vous permet de booster votre communication \u00e0 bord de 2 plateformes prestigieuses: L&#039;Hydropt\u00e8re et L&#039;Hydropt\u00e8re.ch.\" \/>\n<meta name=\"robots\" content=\"index, follow, max-snippet:-1, max-image-preview:large, max-video-preview:-1\" \/>\n<link rel=\"canonical\" href=\"https:\/\/lhydroptere.com\/en\/research-and-innovation\/\" \/>\n<meta property=\"og:locale\" content=\"en_US\" \/>\n<meta property=\"og:type\" content=\"article\" \/>\n<meta property=\"og:title\" content=\"Recherche et Innovation - L&#039;Hydroptere 2.0\" \/>\n<meta property=\"og:description\" content=\"L&#039;HYDROPTERE 2.0 vous permet de booster votre communication \u00e0 bord de 2 plateformes prestigieuses: L&#039;Hydropt\u00e8re et L&#039;Hydropt\u00e8re.ch.\" \/>\n<meta property=\"og:url\" content=\"https:\/\/lhydroptere.com\/en\/research-and-innovation\/\" \/>\n<meta property=\"og:site_name\" content=\"L&#039;Hydroptere 2.0\" \/>\n<meta property=\"article:publisher\" content=\"https:\/\/www.facebook.com\/lhydroptere\/\" \/>\n<meta property=\"article:modified_time\" content=\"2024-05-15T12:15:00+00:00\" \/>\n<meta property=\"og:image\" content=\"https:\/\/lhydroptere.com\/wp-content\/uploads\/2023\/07\/640px-Logo_EPFL.svg.png\" \/>\n<meta name=\"twitter:card\" content=\"summary_large_image\" \/>\n<meta name=\"twitter:label1\" content=\"Est. reading time\" \/>\n\t<meta name=\"twitter:data1\" content=\"10 minutes\" \/>\n<script type=\"application\/ld+json\" class=\"yoast-schema-graph\">{\"@context\":\"https:\/\/schema.org\",\"@graph\":[{\"@type\":\"WebPage\",\"@id\":\"https:\/\/lhydroptere.com\/recherche-et-innovation\/\",\"url\":\"https:\/\/lhydroptere.com\/recherche-et-innovation\/\",\"name\":\"Recherche et Innovation - L&#039;Hydroptere 2.0\",\"isPartOf\":{\"@id\":\"https:\/\/lhydroptere.com\/#website\"},\"datePublished\":\"2023-06-23T12:33:32+00:00\",\"dateModified\":\"2024-05-15T12:15:00+00:00\",\"description\":\"L'HYDROPTERE 2.0 vous permet de booster votre communication \u00e0 bord de 2 plateformes prestigieuses: L'Hydropt\u00e8re et L'Hydropt\u00e8re.ch.\",\"breadcrumb\":{\"@id\":\"https:\/\/lhydroptere.com\/recherche-et-innovation\/#breadcrumb\"},\"inLanguage\":\"en-US\",\"potentialAction\":[{\"@type\":\"ReadAction\",\"target\":[\"https:\/\/lhydroptere.com\/recherche-et-innovation\/\"]}]},{\"@type\":\"BreadcrumbList\",\"@id\":\"https:\/\/lhydroptere.com\/recherche-et-innovation\/#breadcrumb\",\"itemListElement\":[{\"@type\":\"ListItem\",\"position\":1,\"name\":\"Accueil\",\"item\":\"https:\/\/lhydroptere.com\/\"},{\"@type\":\"ListItem\",\"position\":2,\"name\":\"Recherche et Innovation\"}]},{\"@type\":\"WebSite\",\"@id\":\"https:\/\/lhydroptere.com\/#website\",\"url\":\"https:\/\/lhydroptere.com\/\",\"name\":\"L'Hydroptere 2.0\",\"description\":\"\",\"publisher\":{\"@id\":\"https:\/\/lhydroptere.com\/#organization\"},\"potentialAction\":[{\"@type\":\"SearchAction\",\"target\":{\"@type\":\"EntryPoint\",\"urlTemplate\":\"https:\/\/lhydroptere.com\/?s={search_term_string}\"},\"query-input\":\"required name=search_term_string\"}],\"inLanguage\":\"en-US\"},{\"@type\":\"Organization\",\"@id\":\"https:\/\/lhydroptere.com\/#organization\",\"name\":\"L'Hydroptere 2.0\",\"url\":\"https:\/\/lhydroptere.com\/\",\"logo\":{\"@type\":\"ImageObject\",\"inLanguage\":\"en-US\",\"@id\":\"https:\/\/lhydroptere.com\/#\/schema\/logo\/image\/\",\"url\":\"https:\/\/lhydroptere.com\/wp-content\/uploads\/2023\/01\/Fichier-32.png\",\"contentUrl\":\"https:\/\/lhydroptere.com\/wp-content\/uploads\/2023\/01\/Fichier-32.png\",\"width\":194,\"height\":194,\"caption\":\"L'Hydroptere 2.0\"},\"image\":{\"@id\":\"https:\/\/lhydroptere.com\/#\/schema\/logo\/image\/\"},\"sameAs\":[\"https:\/\/www.facebook.com\/lhydroptere\/\",\"https:\/\/www.linkedin.com\/company\/lhydroptere\/\",\"https:\/\/www.instagram.com\/lhydroptere\/\"]}]}<\/script>\n<!-- \/ Yoast SEO plugin. -->","yoast_head_json":{"title":"Recherche et Innovation - L&#039;Hydroptere 2.0","description":"L'HYDROPTERE 2.0 vous permet de booster votre communication \u00e0 bord de 2 plateformes prestigieuses: L'Hydropt\u00e8re et L'Hydropt\u00e8re.ch.","robots":{"index":"index","follow":"follow","max-snippet":"max-snippet:-1","max-image-preview":"max-image-preview:large","max-video-preview":"max-video-preview:-1"},"canonical":"https:\/\/lhydroptere.com\/en\/research-and-innovation\/","og_locale":"en_US","og_type":"article","og_title":"Recherche et Innovation - L&#039;Hydroptere 2.0","og_description":"L'HYDROPTERE 2.0 vous permet de booster votre communication \u00e0 bord de 2 plateformes prestigieuses: L'Hydropt\u00e8re et L'Hydropt\u00e8re.ch.","og_url":"https:\/\/lhydroptere.com\/en\/research-and-innovation\/","og_site_name":"L&#039;Hydroptere 2.0","article_publisher":"https:\/\/www.facebook.com\/lhydroptere\/","article_modified_time":"2024-05-15T12:15:00+00:00","og_image":[{"url":"https:\/\/lhydroptere.com\/wp-content\/uploads\/2023\/07\/640px-Logo_EPFL.svg.png"}],"twitter_card":"summary_large_image","twitter_misc":{"Est. reading time":"10 minutes"},"schema":{"@context":"https:\/\/schema.org","@graph":[{"@type":"WebPage","@id":"https:\/\/lhydroptere.com\/recherche-et-innovation\/","url":"https:\/\/lhydroptere.com\/recherche-et-innovation\/","name":"Recherche et Innovation - L&#039;Hydroptere 2.0","isPartOf":{"@id":"https:\/\/lhydroptere.com\/#website"},"datePublished":"2023-06-23T12:33:32+00:00","dateModified":"2024-05-15T12:15:00+00:00","description":"L'HYDROPTERE 2.0 vous permet de booster votre communication \u00e0 bord de 2 plateformes prestigieuses: L'Hydropt\u00e8re et L'Hydropt\u00e8re.ch.","breadcrumb":{"@id":"https:\/\/lhydroptere.com\/recherche-et-innovation\/#breadcrumb"},"inLanguage":"en-US","potentialAction":[{"@type":"ReadAction","target":["https:\/\/lhydroptere.com\/recherche-et-innovation\/"]}]},{"@type":"BreadcrumbList","@id":"https:\/\/lhydroptere.com\/recherche-et-innovation\/#breadcrumb","itemListElement":[{"@type":"ListItem","position":1,"name":"Accueil","item":"https:\/\/lhydroptere.com\/"},{"@type":"ListItem","position":2,"name":"Recherche et Innovation"}]},{"@type":"WebSite","@id":"https:\/\/lhydroptere.com\/#website","url":"https:\/\/lhydroptere.com\/","name":"L'Hydroptere 2.0","description":"","publisher":{"@id":"https:\/\/lhydroptere.com\/#organization"},"potentialAction":[{"@type":"SearchAction","target":{"@type":"EntryPoint","urlTemplate":"https:\/\/lhydroptere.com\/?s={search_term_string}"},"query-input":"required name=search_term_string"}],"inLanguage":"en-US"},{"@type":"Organization","@id":"https:\/\/lhydroptere.com\/#organization","name":"L'Hydroptere 2.0","url":"https:\/\/lhydroptere.com\/","logo":{"@type":"ImageObject","inLanguage":"en-US","@id":"https:\/\/lhydroptere.com\/#\/schema\/logo\/image\/","url":"https:\/\/lhydroptere.com\/wp-content\/uploads\/2023\/01\/Fichier-32.png","contentUrl":"https:\/\/lhydroptere.com\/wp-content\/uploads\/2023\/01\/Fichier-32.png","width":194,"height":194,"caption":"L'Hydroptere 2.0"},"image":{"@id":"https:\/\/lhydroptere.com\/#\/schema\/logo\/image\/"},"sameAs":["https:\/\/www.facebook.com\/lhydroptere\/","https:\/\/www.linkedin.com\/company\/lhydroptere\/","https:\/\/www.instagram.com\/lhydroptere\/"]}]}},"_links":{"self":[{"href":"https:\/\/lhydroptere.com\/en\/wp-json\/wp\/v2\/pages\/1919","targetHints":{"allow":["GET"]}}],"collection":[{"href":"https:\/\/lhydroptere.com\/en\/wp-json\/wp\/v2\/pages"}],"about":[{"href":"https:\/\/lhydroptere.com\/en\/wp-json\/wp\/v2\/types\/page"}],"author":[{"embeddable":true,"href":"https:\/\/lhydroptere.com\/en\/wp-json\/wp\/v2\/users\/2"}],"replies":[{"embeddable":true,"href":"https:\/\/lhydroptere.com\/en\/wp-json\/wp\/v2\/comments?post=1919"}],"version-history":[{"count":5,"href":"https:\/\/lhydroptere.com\/en\/wp-json\/wp\/v2\/pages\/1919\/revisions"}],"predecessor-version":[{"id":3076,"href":"https:\/\/lhydroptere.com\/en\/wp-json\/wp\/v2\/pages\/1919\/revisions\/3076"}],"wp:attachment":[{"href":"https:\/\/lhydroptere.com\/en\/wp-json\/wp\/v2\/media?parent=1919"}],"curies":[{"name":"wp","href":"https:\/\/api.w.org\/{rel}","templated":true}]}}