{"id":21,"date":"2023-01-27T15:20:30","date_gmt":"2023-01-27T14:20:30","guid":{"rendered":"https:\/\/lhydroptere.com\/?page_id=21"},"modified":"2025-12-18T17:01:53","modified_gmt":"2025-12-18T16:01:53","slug":"accueil","status":"publish","type":"page","link":"https:\/\/lhydroptere.com\/en\/","title":{"rendered":"Accueil"},"content":{"rendered":"<div id='section1communication'  class='avia-section av-mc10nd06-95b57a215016968a36260dd0c668ea57 main_color avia-section-default avia-no-border-styling  avia-builder-el-0  el_before_av_section  avia-builder-el-first  avia-bg-style-scroll container_wrap fullsize'  ><div class='container av-section-cont-open' ><main  role=\"main\" itemprop=\"mainContentOfPage\"  class='template-page content  av-content-full alpha units'><div class='post-entry post-entry-type-page post-entry-21'><div class='entry-content-wrapper clearfix'>\n<div class='flex_column av-1c9wh-74ff6e626b8c1b959203f99040bd0551 av_one_full  avia-builder-el-1  avia-builder-el-no-sibling  first flex_column_div'     ><\/div><\/div><\/div><\/main><!-- close content main element --><\/div><\/div><div id='av_section_2'  class='avia-section av-7t2dp-020b45d7dd529b1648a6658b85c47159 main_color avia-section-default avia-no-border-styling  avia-builder-el-3  el_after_av_section  el_before_av_section  avia-bg-style-scroll container_wrap fullsize'  ><div class='container av-section-cont-open' ><div class='template-page content  av-content-full alpha units'><div class='post-entry post-entry-type-page post-entry-21'><div class='entry-content-wrapper clearfix'>\n<div class='flex_column av-7gh51-01e5bff0310fac8e45dbf881ab237f2b av_one_full  avia-builder-el-4  avia-builder-el-no-sibling  first flex_column_div av-animated-generic left-to-right'     ><br \/>\n<br \/>\n<br \/>\n<br \/>\n<br \/>\n<br \/>\n<br \/>\n<\/p><\/div>\n<\/p>\n<\/div><\/div><\/div><!-- close content main div --><\/div><\/div><div id='av_section_3'  class='avia-section av-74q9-49de39e326b18fecb10064778f6b00e9 main_color avia-section-default avia-no-border-styling  avia-builder-el-13  el_after_av_section  avia-builder-el-last  sectionfooter avia-bg-style-scroll container_wrap fullsize'  ><div class='container av-section-cont-open' ><div class='template-page content  av-content-full alpha units'><div class='post-entry post-entry-type-page post-entry-21'><div class='entry-content-wrapper clearfix'>\n<div class='flex_column av-1b0zt-8f870baa88046c7eaba878acb35493a6 av_one_full  avia-builder-el-14  avia-builder-el-no-sibling  first flex_column_div'     ><\/div>","protected":false},"excerpt":{"rendered":"","protected":false},"author":2,"featured_media":0,"parent":0,"menu_order":0,"comment_status":"closed","ping_status":"closed","template":"","meta":{"inline_featured_image":false,"footnotes":""},"class_list":["post-21","page","type-page","status-publish","hentry"],"yoast_head":"<!-- This site is optimized with the Yoast SEO plugin v20.5 - https:\/\/yoast.com\/wordpress\/plugins\/seo\/ -->\n<title>L&#039;Hydroptere 2.0<\/title>\n<meta name=\"description\" content=\"L&#039;Hydropt\u00e8re, le trimaran volant imagin\u00e9 par Eric Tabarly, est en r\u00e9novation pour revoler au service de l&#039;innovation et de l&#039;int\u00e9r\u00eat g\u00e9n\u00e9ral.\" \/>\n<meta name=\"robots\" content=\"index, follow, max-snippet:-1, max-image-preview:large, max-video-preview:-1\" \/>\n<link rel=\"canonical\" href=\"https:\/\/lhydroptere.com\/en\/\" \/>\n<meta property=\"og:locale\" content=\"en_US\" \/>\n<meta property=\"og:type\" content=\"article\" \/>\n<meta property=\"og:title\" content=\"L&#039;Hydroptere 2.0\" \/>\n<meta property=\"og:description\" content=\"L&#039;Hydropt\u00e8re, le trimaran volant imagin\u00e9 par Eric Tabarly, est en r\u00e9novation pour revoler au service de l&#039;innovation et de l&#039;int\u00e9r\u00eat g\u00e9n\u00e9ral.\" \/>\n<meta property=\"og:url\" content=\"https:\/\/lhydroptere.com\/en\/\" \/>\n<meta property=\"og:site_name\" content=\"L&#039;Hydroptere 2.0\" \/>\n<meta property=\"article:publisher\" content=\"https:\/\/www.facebook.com\/lhydroptere\/\" \/>\n<meta property=\"article:modified_time\" content=\"2025-12-18T16:01:53+00:00\" \/>\n<meta property=\"og:image\" content=\"https:\/\/lhydroptere.com\/media\/Association_refaire_voler_LHydroptere.JPG\" \/>\n<meta name=\"twitter:card\" content=\"summary_large_image\" \/>\n<meta name=\"twitter:label1\" content=\"Est. reading time\" \/>\n\t<meta name=\"twitter:data1\" content=\"7 minutes\" \/>\n<script type=\"application\/ld+json\" class=\"yoast-schema-graph\">{\"@context\":\"https:\/\/schema.org\",\"@graph\":[{\"@type\":\"WebPage\",\"@id\":\"https:\/\/lhydroptere.com\/\",\"url\":\"https:\/\/lhydroptere.com\/\",\"name\":\"L&#039;Hydroptere 2.0\",\"isPartOf\":{\"@id\":\"https:\/\/lhydroptere.com\/#website\"},\"datePublished\":\"2023-01-27T14:20:30+00:00\",\"dateModified\":\"2025-12-18T16:01:53+00:00\",\"description\":\"L'Hydropt\u00e8re, le trimaran volant imagin\u00e9 par Eric Tabarly, est en r\u00e9novation pour revoler au service de l'innovation et de l'int\u00e9r\u00eat g\u00e9n\u00e9ral.\",\"breadcrumb\":{\"@id\":\"https:\/\/lhydroptere.com\/#breadcrumb\"},\"inLanguage\":\"en-US\",\"potentialAction\":[{\"@type\":\"ReadAction\",\"target\":[\"https:\/\/lhydroptere.com\/\"]}]},{\"@type\":\"BreadcrumbList\",\"@id\":\"https:\/\/lhydroptere.com\/#breadcrumb\",\"itemListElement\":[{\"@type\":\"ListItem\",\"position\":1,\"name\":\"Accueil\",\"item\":\"https:\/\/lhydroptere.com\/\"},{\"@type\":\"ListItem\",\"position\":2,\"name\":\"Accueil\"}]},{\"@type\":\"WebSite\",\"@id\":\"https:\/\/lhydroptere.com\/#website\",\"url\":\"https:\/\/lhydroptere.com\/\",\"name\":\"L'Hydroptere 2.0\",\"description\":\"\",\"publisher\":{\"@id\":\"https:\/\/lhydroptere.com\/#organization\"},\"potentialAction\":[{\"@type\":\"SearchAction\",\"target\":{\"@type\":\"EntryPoint\",\"urlTemplate\":\"https:\/\/lhydroptere.com\/?s={search_term_string}\"},\"query-input\":\"required name=search_term_string\"}],\"inLanguage\":\"en-US\"},{\"@type\":\"Organization\",\"@id\":\"https:\/\/lhydroptere.com\/#organization\",\"name\":\"L'Hydroptere 2.0\",\"url\":\"https:\/\/lhydroptere.com\/\",\"logo\":{\"@type\":\"ImageObject\",\"inLanguage\":\"en-US\",\"@id\":\"https:\/\/lhydroptere.com\/#\/schema\/logo\/image\/\",\"url\":\"https:\/\/lhydroptere.com\/wp-content\/uploads\/2023\/01\/Fichier-32.png\",\"contentUrl\":\"https:\/\/lhydroptere.com\/wp-content\/uploads\/2023\/01\/Fichier-32.png\",\"width\":194,\"height\":194,\"caption\":\"L'Hydroptere 2.0\"},\"image\":{\"@id\":\"https:\/\/lhydroptere.com\/#\/schema\/logo\/image\/\"},\"sameAs\":[\"https:\/\/www.facebook.com\/lhydroptere\/\",\"https:\/\/www.linkedin.com\/company\/lhydroptere\/\",\"https:\/\/www.instagram.com\/lhydroptere\/\"]}]}<\/script>\n<!-- \/ Yoast SEO plugin. -->","yoast_head_json":{"title":"L&#039;Hydroptere 2.0","description":"L'Hydropt\u00e8re, le trimaran volant imagin\u00e9 par Eric Tabarly, est en r\u00e9novation pour revoler au service de l'innovation et de l'int\u00e9r\u00eat g\u00e9n\u00e9ral.","robots":{"index":"index","follow":"follow","max-snippet":"max-snippet:-1","max-image-preview":"max-image-preview:large","max-video-preview":"max-video-preview:-1"},"canonical":"https:\/\/lhydroptere.com\/en\/","og_locale":"en_US","og_type":"article","og_title":"L&#039;Hydroptere 2.0","og_description":"L'Hydropt\u00e8re, le trimaran volant imagin\u00e9 par Eric Tabarly, est en r\u00e9novation pour revoler au service de l'innovation et de l'int\u00e9r\u00eat g\u00e9n\u00e9ral.","og_url":"https:\/\/lhydroptere.com\/en\/","og_site_name":"L&#039;Hydroptere 2.0","article_publisher":"https:\/\/www.facebook.com\/lhydroptere\/","article_modified_time":"2025-12-18T16:01:53+00:00","og_image":[{"url":"https:\/\/lhydroptere.com\/media\/Association_refaire_voler_LHydroptere.JPG"}],"twitter_card":"summary_large_image","twitter_misc":{"Est. reading time":"7 minutes"},"schema":{"@context":"https:\/\/schema.org","@graph":[{"@type":"WebPage","@id":"https:\/\/lhydroptere.com\/","url":"https:\/\/lhydroptere.com\/","name":"L&#039;Hydroptere 2.0","isPartOf":{"@id":"https:\/\/lhydroptere.com\/#website"},"datePublished":"2023-01-27T14:20:30+00:00","dateModified":"2025-12-18T16:01:53+00:00","description":"L'Hydropt\u00e8re, le trimaran volant imagin\u00e9 par Eric Tabarly, est en r\u00e9novation pour revoler au service de l'innovation et de l'int\u00e9r\u00eat g\u00e9n\u00e9ral.","breadcrumb":{"@id":"https:\/\/lhydroptere.com\/#breadcrumb"},"inLanguage":"en-US","potentialAction":[{"@type":"ReadAction","target":["https:\/\/lhydroptere.com\/"]}]},{"@type":"BreadcrumbList","@id":"https:\/\/lhydroptere.com\/#breadcrumb","itemListElement":[{"@type":"ListItem","position":1,"name":"Accueil","item":"https:\/\/lhydroptere.com\/"},{"@type":"ListItem","position":2,"name":"Accueil"}]},{"@type":"WebSite","@id":"https:\/\/lhydroptere.com\/#website","url":"https:\/\/lhydroptere.com\/","name":"L'Hydroptere 2.0","description":"","publisher":{"@id":"https:\/\/lhydroptere.com\/#organization"},"potentialAction":[{"@type":"SearchAction","target":{"@type":"EntryPoint","urlTemplate":"https:\/\/lhydroptere.com\/?s={search_term_string}"},"query-input":"required name=search_term_string"}],"inLanguage":"en-US"},{"@type":"Organization","@id":"https:\/\/lhydroptere.com\/#organization","name":"L'Hydroptere 2.0","url":"https:\/\/lhydroptere.com\/","logo":{"@type":"ImageObject","inLanguage":"en-US","@id":"https:\/\/lhydroptere.com\/#\/schema\/logo\/image\/","url":"https:\/\/lhydroptere.com\/wp-content\/uploads\/2023\/01\/Fichier-32.png","contentUrl":"https:\/\/lhydroptere.com\/wp-content\/uploads\/2023\/01\/Fichier-32.png","width":194,"height":194,"caption":"L'Hydroptere 2.0"},"image":{"@id":"https:\/\/lhydroptere.com\/#\/schema\/logo\/image\/"},"sameAs":["https:\/\/www.facebook.com\/lhydroptere\/","https:\/\/www.linkedin.com\/company\/lhydroptere\/","https:\/\/www.instagram.com\/lhydroptere\/"]}]}},"_links":{"self":[{"href":"https:\/\/lhydroptere.com\/en\/wp-json\/wp\/v2\/pages\/21","targetHints":{"allow":["GET"]}}],"collection":[{"href":"https:\/\/lhydroptere.com\/en\/wp-json\/wp\/v2\/pages"}],"about":[{"href":"https:\/\/lhydroptere.com\/en\/wp-json\/wp\/v2\/types\/page"}],"author":[{"embeddable":true,"href":"https:\/\/lhydroptere.com\/en\/wp-json\/wp\/v2\/users\/2"}],"replies":[{"embeddable":true,"href":"https:\/\/lhydroptere.com\/en\/wp-json\/wp\/v2\/comments?post=21"}],"version-history":[{"count":306,"href":"https:\/\/lhydroptere.com\/en\/wp-json\/wp\/v2\/pages\/21\/revisions"}],"predecessor-version":[{"id":9000,"href":"https:\/\/lhydroptere.com\/en\/wp-json\/wp\/v2\/pages\/21\/revisions\/9000"}],"wp:attachment":[{"href":"https:\/\/lhydroptere.com\/en\/wp-json\/wp\/v2\/media?parent=21"}],"curies":[{"name":"wp","href":"https:\/\/api.w.org\/{rel}","templated":true}]}}