{"id":24,"date":"2023-01-27T15:21:03","date_gmt":"2023-01-27T14:21:03","guid":{"rendered":"https:\/\/lhydroptere.com\/?page_id=24"},"modified":"2024-05-15T13:53:15","modified_gmt":"2024-05-15T11:53:15","slug":"nos-plateformes","status":"publish","type":"page","link":"https:\/\/lhydroptere.com\/en\/our-platforms\/","title":{"rendered":"R&amp;D Platforms"},"content":{"rendered":"<div id='sectionplateformes'  class='avia-section av-lfqu7wkb-0984e3f1135f64dd6da0d2c50b4a240a main_color avia-section-default avia-no-border-styling  avia-builder-el-0  el_before_av_section  avia-builder-el-first  avia-bg-style-scroll container_wrap fullsize'  ><div class='container av-section-cont-open' ><main  role=\"main\" itemprop=\"mainContentOfPage\"  class='template-page content  av-content-full alpha units'><div class='post-entry post-entry-type-page post-entry-24'><div class='entry-content-wrapper clearfix'>\n<div class='flex_column av-ljcu5n4y-7e6bf6737332f6a9725936257e692ddc av_one_full  avia-builder-el-1  avia-builder-el-no-sibling  first flex_column_div av-animated-generic bottom-to-top'     ><\/div><\/div><\/div><\/main><!-- close content main element --><\/div><\/div><div id='plateformes'  class='avia-section av-2cafk-451f9901b143ee7fe56793d07f96e26b main_color avia-section-default avia-no-border-styling  avia-builder-el-3  el_after_av_section  el_before_av_section  section1 invalid-custom-class-found avia-bg-style-scroll container_wrap fullsize'  ><div class='container av-section-cont-open' ><div class='template-page content  av-content-full alpha units'><div class='post-entry post-entry-type-page post-entry-24'><div class='entry-content-wrapper clearfix'>\n<div class='flex_column av-5g08-db15ee717050c41fc1706fdae094841e av_one_full  avia-builder-el-4  avia-builder-el-no-sibling  first flex_column_div'     ><\/div>\n<\/p>\n<\/div><\/div><\/div><!-- close content main div --><\/div><\/div><div id='av_section_3'  class='avia-section av-lfrzf4np-06da57b53ba1037265e857a20cfaee36 main_color avia-section-default avia-no-border-styling  avia-builder-el-6  el_after_av_section  el_before_av_section  fond20plat avia-bg-style-scroll container_wrap fullsize'  ><div class='container av-section-cont-open' ><div class='template-page content  av-content-full alpha units'><div class='post-entry post-entry-type-page post-entry-24'><div class='entry-content-wrapper clearfix'>\n<div class='flex_column av-3bcxk-d8b240d756f6f891efdc3a6920675f97 av_one_half  avia-builder-el-7  el_before_av_one_half  avia-builder-el-first  first flex_column_div av-animated-generic left-to-right'     ><br \/>\n<\/p><\/div><div class='flex_column av-2l4vg-ed6eea5f3d59afd41ba8125e312c03c6 av_one_half  avia-builder-el-10  el_after_av_one_half  el_before_av_one_full  flex_column_div av-animated-generic right-to-left'     ><br \/>\n<\/p><\/div><div class='flex_column av-1zqkw-ef8fac1b3c7bdab522a9e82a8c357433 av_one_full  avia-builder-el-13  el_after_av_one_half  avia-builder-el-last  first flex_column_div av-animated-generic bottom-to-top column-top-margin'     ><\/div>\n\n<\/div><\/div><\/div><!-- close content main div --><\/div><\/div><div id='av_section_4'  class='avia-section av-2inr4-07ff9bdd862ccfb46d100afbf2230b36 main_color avia-section-default avia-no-border-styling  avia-builder-el-15  el_after_av_section  el_before_av_section  avia-bg-style-scroll container_wrap fullsize'  ><div class='container av-section-cont-open' ><div class='template-page content  av-content-full alpha units'><div class='post-entry post-entry-type-page post-entry-24'><div class='entry-content-wrapper clearfix'>\n<div class='flex_column av-1v8gs-c4d965b02d73b368ec3c4de3d6548d21 av_one_full  avia-builder-el-16  avia-builder-el-no-sibling  first flex_column_div'     ><br \/>\n<section  class='av_textblock_section av-o5b4-a7f2def36f0e490f8522bc2d53370b18'  itemscope=\"itemscope\" itemtype=\"https:\/\/schema.org\/CreativeWork\" ><div class='avia_textblock'  itemprop=\"text\" ><ul class=\"listinnovation\">\n<li><strong>2 record-breaking sailingboats <\/strong>wich are <strong>converted <\/strong>in <strong>zero-emission test platforms<\/strong> thanks to wind propulsion<\/li>\n<li>2 <strong>Platforms <\/strong>and a <strong>multidisciplinary team <\/strong>dedicated to innovation<\/li>\n<li>A <strong>cost control <\/strong>with the possibility of<strong> pooling<\/strong> test campaigns<\/li>\n<li><strong>Agility<\/strong> and <strong>rapid<\/strong> integration and implementation of your experiments<\/li>\n<li>An <strong>expert support<\/strong> to interface your experiments with the platforms<\/li>\n<li>A <strong>dynamic<\/strong> and <strong>stimulating<\/strong> environment for innovation and growth<\/li>\n<li>Accelerated TRL growth<\/li>\n<\/ul>\n<p><img decoding=\"async\" src=\"https:\/\/lhydroptere.com\/wp-content\/uploads\/2024\/05\/TRL.svg\" \/><\/p>\n<\/div><\/section><br \/>\n<section  class='av_textblock_section av-lvkmpifz-8af9613977ced17d050564d6f27206c1'  itemscope=\"itemscope\" itemtype=\"https:\/\/schema.org\/CreativeWork\" ><div class='av-desktop-hide av-medium-hide av-small-hide av-mini-hide avia_textblock'  itemprop=\"text\" ><p class=\" translation-block\">L'HYDROPTERE 2.0 is developing a business hosting R&amp;D projects aboard its 2 hydrofoil boats.<br> Evolving at very high speeds in a <strong>constraining environment<\/strong> (humidity, salinity, waves, wind), L'Hydropt\u00e8re and L'Hydropt\u00e8re.ch are ideal <strong>experimental testbeds<\/strong> for testing innovations from different sectors (maritime, aeronautics, industry) under <strong>real conditions<\/strong>.<\/p>\n<p>Here are a few examples of experiments that can be onboarded on our boats:<\/p>\n<ul class=\"listinnovation\">\n<li class=\" translation-block\"><strong>Mechanical<\/strong> systems (instrumented and connected foil or appendage for monitoring; ball joints or bearings for fatigue strength under extreme stress conditions).<\/li>\n<li class=\" translation-block\"><strong>Electronic<\/strong> systems (sensors, measuring devices) for testing aging in hostile environment.<\/li>\n<li class=\" translation-block\"><strong>Coatings, paints<\/strong>, coverings, etc. for accelerated aging tests.<\/li>\n<\/ul>\n<p class=\" translation-block\">If an experiment is taken to the proof-of-concept stage (POC: TRL* 3) by one of our platforms, <strong>development is accelerated and the TRL rises<\/strong> (validation of the prototype with a view to certification: TRL* 7 to 8).<\/p>\n<p>*<em>TRL: Technology Readiness Level<\/em><\/p>\n<\/div><\/section><\/p><\/div><\/div><\/div><\/div><!-- close content main div --><\/div><\/div><div id='av_section_5'  class='avia-section av-lfs184h3-60ecb105a6a79bba73bbac4e430e9d95 main_color avia-section-default avia-no-border-styling  avia-builder-el-20  el_after_av_section  el_before_av_section  fondbleuplat avia-bg-style-scroll container_wrap fullsize'  ><div class='container av-section-cont-open' ><div class='template-page content  av-content-full alpha units'><div class='post-entry post-entry-type-page post-entry-24'><div class='entry-content-wrapper clearfix'>\n<div class='flex_column av-1r998-e5e9cf01b2e7b27a9c7505c897c94794 av_one_full  avia-builder-el-21  avia-builder-el-no-sibling  first flex_column_div av-animated-generic top-to-bottom'     ><br \/>\n<br \/>\n<br \/>\n<\/p><\/div>\n<\/p>\n<\/div><\/div><\/div><!-- close content main div --><\/div><\/div><div id='av_section_6'  class='avia-section av-23zl8-76c7c81b82baa01cede2128a97ef3fea main_color avia-section-default avia-no-border-styling  avia-builder-el-26  el_after_av_section  avia-builder-el-last  sectionfooter avia-bg-style-scroll container_wrap fullsize'  ><div class='container av-section-cont-open' ><div class='template-page content  av-content-full alpha units'><div class='post-entry post-entry-type-page post-entry-24'><div class='entry-content-wrapper clearfix'>\n<div class='flex_column av-1r4xo-643328e2e273572dcfe1b496cddfe96d av_one_full  avia-builder-el-27  avia-builder-el-no-sibling  first flex_column_div'     ><\/div>","protected":false},"excerpt":{"rendered":"","protected":false},"author":2,"featured_media":0,"parent":0,"menu_order":0,"comment_status":"closed","ping_status":"closed","template":"","meta":{"inline_featured_image":false,"footnotes":""},"class_list":["post-24","page","type-page","status-publish","hentry"],"yoast_head":"<!-- This site is optimized with the Yoast SEO plugin v20.5 - https:\/\/yoast.com\/wordpress\/plugins\/seo\/ -->\n<title>Plateformes de R&amp;D - L&#039;Hydroptere 2.0<\/title>\n<meta name=\"description\" content=\"L&#039;HYDROPTERE 2.0 vous propose ses plateformes de R&amp;D pour booster et acc\u00e9l\u00e9rer vos innovations. Embarquer votre innovation d\u00e8s maintenant !\" \/>\n<meta name=\"robots\" content=\"index, follow, max-snippet:-1, max-image-preview:large, max-video-preview:-1\" \/>\n<link rel=\"canonical\" href=\"https:\/\/lhydroptere.com\/en\/our-platforms\/\" \/>\n<meta property=\"og:locale\" content=\"en_US\" \/>\n<meta property=\"og:type\" content=\"article\" \/>\n<meta property=\"og:title\" content=\"Plateformes de R&amp;D - L&#039;Hydroptere 2.0\" \/>\n<meta property=\"og:description\" content=\"L&#039;HYDROPTERE 2.0 vous propose ses plateformes de R&amp;D pour booster et acc\u00e9l\u00e9rer vos innovations. Embarquer votre innovation d\u00e8s maintenant !\" \/>\n<meta property=\"og:url\" content=\"https:\/\/lhydroptere.com\/en\/our-platforms\/\" \/>\n<meta property=\"og:site_name\" content=\"L&#039;Hydroptere 2.0\" \/>\n<meta property=\"article:publisher\" content=\"https:\/\/www.facebook.com\/lhydroptere\/\" \/>\n<meta property=\"article:modified_time\" content=\"2024-05-15T11:53:15+00:00\" \/>\n<meta property=\"og:image\" content=\"https:\/\/lhydroptere.com\/wp-content\/uploads\/2024\/01\/Hydroptere-Catamaran-Best-Innovative-Platform-2.svg\" \/>\n<meta name=\"twitter:card\" content=\"summary_large_image\" \/>\n<meta name=\"twitter:label1\" content=\"Est. reading time\" \/>\n\t<meta name=\"twitter:data1\" content=\"13 minutes\" \/>\n<script type=\"application\/ld+json\" class=\"yoast-schema-graph\">{\"@context\":\"https:\/\/schema.org\",\"@graph\":[{\"@type\":\"WebPage\",\"@id\":\"https:\/\/lhydroptere.com\/nos-plateformes\/\",\"url\":\"https:\/\/lhydroptere.com\/nos-plateformes\/\",\"name\":\"Plateformes de R&D - L&#039;Hydroptere 2.0\",\"isPartOf\":{\"@id\":\"https:\/\/lhydroptere.com\/#website\"},\"datePublished\":\"2023-01-27T14:21:03+00:00\",\"dateModified\":\"2024-05-15T11:53:15+00:00\",\"description\":\"L'HYDROPTERE 2.0 vous propose ses plateformes de R&D pour booster et acc\u00e9l\u00e9rer vos innovations. Embarquer votre innovation d\u00e8s maintenant !\",\"breadcrumb\":{\"@id\":\"https:\/\/lhydroptere.com\/nos-plateformes\/#breadcrumb\"},\"inLanguage\":\"en-US\",\"potentialAction\":[{\"@type\":\"ReadAction\",\"target\":[\"https:\/\/lhydroptere.com\/nos-plateformes\/\"]}]},{\"@type\":\"BreadcrumbList\",\"@id\":\"https:\/\/lhydroptere.com\/nos-plateformes\/#breadcrumb\",\"itemListElement\":[{\"@type\":\"ListItem\",\"position\":1,\"name\":\"Accueil\",\"item\":\"https:\/\/lhydroptere.com\/\"},{\"@type\":\"ListItem\",\"position\":2,\"name\":\"Plateformes de R&#038;D\"}]},{\"@type\":\"WebSite\",\"@id\":\"https:\/\/lhydroptere.com\/#website\",\"url\":\"https:\/\/lhydroptere.com\/\",\"name\":\"L'Hydroptere 2.0\",\"description\":\"\",\"publisher\":{\"@id\":\"https:\/\/lhydroptere.com\/#organization\"},\"potentialAction\":[{\"@type\":\"SearchAction\",\"target\":{\"@type\":\"EntryPoint\",\"urlTemplate\":\"https:\/\/lhydroptere.com\/?s={search_term_string}\"},\"query-input\":\"required name=search_term_string\"}],\"inLanguage\":\"en-US\"},{\"@type\":\"Organization\",\"@id\":\"https:\/\/lhydroptere.com\/#organization\",\"name\":\"L'Hydroptere 2.0\",\"url\":\"https:\/\/lhydroptere.com\/\",\"logo\":{\"@type\":\"ImageObject\",\"inLanguage\":\"en-US\",\"@id\":\"https:\/\/lhydroptere.com\/#\/schema\/logo\/image\/\",\"url\":\"https:\/\/lhydroptere.com\/wp-content\/uploads\/2023\/01\/Fichier-32.png\",\"contentUrl\":\"https:\/\/lhydroptere.com\/wp-content\/uploads\/2023\/01\/Fichier-32.png\",\"width\":194,\"height\":194,\"caption\":\"L'Hydroptere 2.0\"},\"image\":{\"@id\":\"https:\/\/lhydroptere.com\/#\/schema\/logo\/image\/\"},\"sameAs\":[\"https:\/\/www.facebook.com\/lhydroptere\/\",\"https:\/\/www.linkedin.com\/company\/lhydroptere\/\",\"https:\/\/www.instagram.com\/lhydroptere\/\"]}]}<\/script>\n<!-- \/ Yoast SEO plugin. -->","yoast_head_json":{"title":"Plateformes de R&D - L&#039;Hydroptere 2.0","description":"L'HYDROPTERE 2.0 vous propose ses plateformes de R&D pour booster et acc\u00e9l\u00e9rer vos innovations. Embarquer votre innovation d\u00e8s maintenant !","robots":{"index":"index","follow":"follow","max-snippet":"max-snippet:-1","max-image-preview":"max-image-preview:large","max-video-preview":"max-video-preview:-1"},"canonical":"https:\/\/lhydroptere.com\/en\/our-platforms\/","og_locale":"en_US","og_type":"article","og_title":"Plateformes de R&D - L&#039;Hydroptere 2.0","og_description":"L'HYDROPTERE 2.0 vous propose ses plateformes de R&D pour booster et acc\u00e9l\u00e9rer vos innovations. Embarquer votre innovation d\u00e8s maintenant !","og_url":"https:\/\/lhydroptere.com\/en\/our-platforms\/","og_site_name":"L&#039;Hydroptere 2.0","article_publisher":"https:\/\/www.facebook.com\/lhydroptere\/","article_modified_time":"2024-05-15T11:53:15+00:00","og_image":[{"url":"https:\/\/lhydroptere.com\/wp-content\/uploads\/2024\/01\/Hydroptere-Catamaran-Best-Innovative-Platform-2.svg"}],"twitter_card":"summary_large_image","twitter_misc":{"Est. reading time":"13 minutes"},"schema":{"@context":"https:\/\/schema.org","@graph":[{"@type":"WebPage","@id":"https:\/\/lhydroptere.com\/nos-plateformes\/","url":"https:\/\/lhydroptere.com\/nos-plateformes\/","name":"Plateformes de R&D - L&#039;Hydroptere 2.0","isPartOf":{"@id":"https:\/\/lhydroptere.com\/#website"},"datePublished":"2023-01-27T14:21:03+00:00","dateModified":"2024-05-15T11:53:15+00:00","description":"L'HYDROPTERE 2.0 vous propose ses plateformes de R&D pour booster et acc\u00e9l\u00e9rer vos innovations. Embarquer votre innovation d\u00e8s maintenant !","breadcrumb":{"@id":"https:\/\/lhydroptere.com\/nos-plateformes\/#breadcrumb"},"inLanguage":"en-US","potentialAction":[{"@type":"ReadAction","target":["https:\/\/lhydroptere.com\/nos-plateformes\/"]}]},{"@type":"BreadcrumbList","@id":"https:\/\/lhydroptere.com\/nos-plateformes\/#breadcrumb","itemListElement":[{"@type":"ListItem","position":1,"name":"Accueil","item":"https:\/\/lhydroptere.com\/"},{"@type":"ListItem","position":2,"name":"Plateformes de R&#038;D"}]},{"@type":"WebSite","@id":"https:\/\/lhydroptere.com\/#website","url":"https:\/\/lhydroptere.com\/","name":"L'Hydroptere 2.0","description":"","publisher":{"@id":"https:\/\/lhydroptere.com\/#organization"},"potentialAction":[{"@type":"SearchAction","target":{"@type":"EntryPoint","urlTemplate":"https:\/\/lhydroptere.com\/?s={search_term_string}"},"query-input":"required name=search_term_string"}],"inLanguage":"en-US"},{"@type":"Organization","@id":"https:\/\/lhydroptere.com\/#organization","name":"L'Hydroptere 2.0","url":"https:\/\/lhydroptere.com\/","logo":{"@type":"ImageObject","inLanguage":"en-US","@id":"https:\/\/lhydroptere.com\/#\/schema\/logo\/image\/","url":"https:\/\/lhydroptere.com\/wp-content\/uploads\/2023\/01\/Fichier-32.png","contentUrl":"https:\/\/lhydroptere.com\/wp-content\/uploads\/2023\/01\/Fichier-32.png","width":194,"height":194,"caption":"L'Hydroptere 2.0"},"image":{"@id":"https:\/\/lhydroptere.com\/#\/schema\/logo\/image\/"},"sameAs":["https:\/\/www.facebook.com\/lhydroptere\/","https:\/\/www.linkedin.com\/company\/lhydroptere\/","https:\/\/www.instagram.com\/lhydroptere\/"]}]}},"_links":{"self":[{"href":"https:\/\/lhydroptere.com\/en\/wp-json\/wp\/v2\/pages\/24","targetHints":{"allow":["GET"]}}],"collection":[{"href":"https:\/\/lhydroptere.com\/en\/wp-json\/wp\/v2\/pages"}],"about":[{"href":"https:\/\/lhydroptere.com\/en\/wp-json\/wp\/v2\/types\/page"}],"author":[{"embeddable":true,"href":"https:\/\/lhydroptere.com\/en\/wp-json\/wp\/v2\/users\/2"}],"replies":[{"embeddable":true,"href":"https:\/\/lhydroptere.com\/en\/wp-json\/wp\/v2\/comments?post=24"}],"version-history":[{"count":67,"href":"https:\/\/lhydroptere.com\/en\/wp-json\/wp\/v2\/pages\/24\/revisions"}],"predecessor-version":[{"id":7290,"href":"https:\/\/lhydroptere.com\/en\/wp-json\/wp\/v2\/pages\/24\/revisions\/7290"}],"wp:attachment":[{"href":"https:\/\/lhydroptere.com\/en\/wp-json\/wp\/v2\/media?parent=24"}],"curies":[{"name":"wp","href":"https:\/\/api.w.org\/{rel}","templated":true}]}}