{"id":26,"date":"2023-01-27T15:21:27","date_gmt":"2023-01-27T14:21:27","guid":{"rendered":"https:\/\/lhydroptere.com\/?page_id=26"},"modified":"2025-09-24T11:41:18","modified_gmt":"2025-09-24T09:41:18","slug":"histoire-de-lhydroptere","status":"publish","type":"page","link":"https:\/\/lhydroptere.com\/en\/the-story-of-hydroptere\/","title":{"rendered":"L&rsquo;histoire de L&rsquo;Hydropt\u00e8re"},"content":{"rendered":"<div id='av_section_1'  class='avia-section av-2x4z2-6d71214fb3fecb32c65ebbcb64ba2296 main_color avia-section-default avia-no-border-styling  avia-builder-el-0  el_before_av_section  avia-builder-el-first  section1 avia-bg-style-scroll container_wrap fullsize'  ><div class='container av-section-cont-open' ><main  role=\"main\" itemprop=\"mainContentOfPage\"  class='template-page content  av-content-full alpha units'><div class='post-entry post-entry-type-page post-entry-26'><div class='entry-content-wrapper clearfix'>\n<div class='flex_column av-lfba3xqk-9373e2543c3d5a9ce9e0e94bb9fe0d99 av_one_full  avia-builder-el-1  avia-builder-el-no-sibling  first flex_column_div av-animated-generic bottom-to-top av-parallax-object' data-parallax=\"{&quot;parallax&quot;:&quot;bottom_top&quot;,&quot;parallax_speed&quot;:&quot;20&quot;,&quot;av-desktop-parallax&quot;:&quot;inherit&quot;,&quot;av-desktop-parallax_speed&quot;:&quot;inherit&quot;,&quot;av-medium-parallax&quot;:&quot;inherit&quot;,&quot;av-medium-parallax_speed&quot;:&quot;inherit&quot;,&quot;av-small-parallax&quot;:&quot;inherit&quot;,&quot;av-small-parallax_speed&quot;:&quot;inherit&quot;,&quot;av-mini-parallax&quot;:&quot;inherit&quot;,&quot;av-mini-parallax_speed&quot;:&quot;inherit&quot;,&quot;parallax-container&quot;:&quot;.av-lfba3xqk-9373e2543c3d5a9ce9e0e94bb9fe0d99&quot;}\"    id=\"sec1Histoire\"  ><\/div>\n\n<\/div><\/div><\/main><!-- close content main element --><\/div><\/div><div id='av_section_2'  class='avia-section av-lfbbwpht-ceb52f2e3b9d64527acd866641160176 main_color avia-section-default avia-no-border-styling  avia-builder-el-3  el_after_av_section  el_before_av_section  fondopaquebleu avia-bg-style-scroll container_wrap fullsize'  ><div class='container av-section-cont-open' ><div class='template-page content  av-content-full alpha units'><div class='post-entry post-entry-type-page post-entry-26'><div class='entry-content-wrapper clearfix'>\n<div class='flex_column av-2dcju-c28ec0dd4356ee0d6520d5ffdced02e0 av_one_full  avia-builder-el-4  avia-builder-el-no-sibling  first flex_column_div av-animated-generic right-to-left'     ><br \/>\n<br \/>\n<br \/>\n<br \/>\n<\/p><\/div>\n\n<\/div><\/div><\/div><!-- close content main div --><\/div><\/div><div id='av_section_3'  class='avia-section av-lfgnsfrw-fc7523484bc3d67ecfafece9861e789a main_color avia-section-default avia-no-border-styling  avia-builder-el-10  el_after_av_section  el_before_av_section  fondorangehistoire avia-bg-style-scroll container_wrap fullsize'  ><div class='container av-section-cont-open' ><div class='template-page content  av-content-full alpha units'><div class='post-entry post-entry-type-page post-entry-26'><div class='entry-content-wrapper clearfix'>\n<div class='flex_column av-1vswy-83a6c5f1cbc9b090b070a51d49a8fe54 av_one_full  avia-builder-el-11  avia-builder-el-no-sibling  first flex_column_div av-animated-generic left-to-right'     ><br \/>\n<br \/>\n<br \/>\n<br \/>\n<\/p><\/div>\n\n<\/div><\/div><\/div><!-- close content main div --><\/div><\/div><div id='av_section_4'  class='avia-section av-lfgpu1ln-c2fcf958b84373e6fa60deaf5c9eae48 main_color avia-section-default avia-no-border-styling  avia-builder-el-17  el_after_av_section  el_before_av_section  fondbleuhistoire avia-bg-style-scroll container_wrap fullsize'  ><div class='container av-section-cont-open' ><div class='template-page content  av-content-full alpha units'><div class='post-entry post-entry-type-page post-entry-26'><div class='entry-content-wrapper clearfix'>\n<div class='flex_column av-1qlki-9fa83d5075fb76497827c432e60c7711 av_one_full  avia-builder-el-18  avia-builder-el-no-sibling  first flex_column_div av-animated-generic bottom-to-top'     ><br \/>\n<br \/>\n<br \/>\n<br \/>\n<br \/>\n<br \/>\n<br \/>\n<br \/>\n<br \/>\n<br \/>\n<br \/>\n<br \/>\n<br \/>\n<\/p><\/div><\/div><\/div><\/div><!-- close content main div --><\/div><\/div><div id='av_section_5'  class='avia-section av-lfgqtgmt-319150453256470cb6e97efb715e1a87 main_color avia-section-default avia-no-border-styling  avia-builder-el-33  el_after_av_section  el_before_av_section  av-desktop-hide av-medium-hide av-small-hide av-mini-hide avia-bg-style-scroll container_wrap fullsize'  ><div class='container av-section-cont-open' ><div class='template-page content  av-content-full alpha units'><div class='post-entry post-entry-type-page post-entry-26'><div class='entry-content-wrapper clearfix'>\n<div class='flex_column av-rzyu-3ae18674fa4af99b3bc59eb51dd0d71c av_one_full  avia-builder-el-34  avia-builder-el-no-sibling  first flex_column_div av-animated-generic left-to-right'     ><br \/>\n<\/p><\/div>\n<\/p>\n<\/div><\/div><\/div><!-- close content main div --><\/div><\/div><div id='av_section_6'  class='avia-section av-79za-ae4b4d8b0cde05376fb19c2b81688eef main_color avia-section-default avia-no-border-styling  avia-builder-el-37  el_after_av_section  avia-builder-el-last  sectionfooter avia-bg-style-scroll container_wrap fullsize'  ><div class='container av-section-cont-open' ><div class='template-page content  av-content-full alpha units'><div class='post-entry post-entry-type-page post-entry-26'><div class='entry-content-wrapper clearfix'>\n<div class='flex_column av-1ouaq-d7965b48abbd41889a0ec8c4aa6a150c av_one_full  avia-builder-el-38  avia-builder-el-no-sibling  first flex_column_div'     ><\/div>","protected":false},"excerpt":{"rendered":"","protected":false},"author":2,"featured_media":0,"parent":0,"menu_order":0,"comment_status":"closed","ping_status":"closed","template":"","meta":{"inline_featured_image":false,"footnotes":""},"class_list":["post-26","page","type-page","status-publish","hentry"],"yoast_head":"<!-- This site is optimized with the Yoast SEO plugin v20.5 - https:\/\/yoast.com\/wordpress\/plugins\/seo\/ -->\n<title>L&#039;histoire de L&#039;Hydropt\u00e8re - L&#039;Hydroptere 2.0<\/title>\n<meta name=\"description\" content=\"Partez \u00e0 la d\u00e9couverte de l&#039;incroyable histoire de L&#039;Hydropt\u00e8re: l&#039;intuition d&#039;Eric Tabarly, sa conception ses records, sa nouvelle vie.\" \/>\n<meta name=\"robots\" content=\"index, follow, max-snippet:-1, max-image-preview:large, max-video-preview:-1\" \/>\n<link rel=\"canonical\" href=\"https:\/\/lhydroptere.com\/en\/the-story-of-hydroptere\/\" \/>\n<meta property=\"og:locale\" content=\"en_US\" \/>\n<meta property=\"og:type\" content=\"article\" \/>\n<meta property=\"og:title\" content=\"L&#039;histoire de L&#039;Hydropt\u00e8re - L&#039;Hydroptere 2.0\" \/>\n<meta property=\"og:description\" content=\"Partez \u00e0 la d\u00e9couverte de l&#039;incroyable histoire de L&#039;Hydropt\u00e8re: l&#039;intuition d&#039;Eric Tabarly, sa conception ses records, sa nouvelle vie.\" \/>\n<meta property=\"og:url\" content=\"https:\/\/lhydroptere.com\/en\/the-story-of-hydroptere\/\" \/>\n<meta property=\"og:site_name\" content=\"L&#039;Hydroptere 2.0\" \/>\n<meta property=\"article:publisher\" content=\"https:\/\/www.facebook.com\/lhydroptere\/\" \/>\n<meta property=\"article:modified_time\" content=\"2025-09-24T09:41:18+00:00\" \/>\n<meta property=\"og:image\" content=\"https:\/\/lhydroptere.com\/wp-content\/uploads\/2023\/04\/Tabarly-Foils-Pen-DuickIV-Williwaw-Fred-Monsonnec.jpg\" \/>\n<meta name=\"twitter:card\" content=\"summary_large_image\" \/>\n<meta name=\"twitter:label1\" content=\"Est. reading time\" \/>\n\t<meta name=\"twitter:data1\" content=\"25 minutes\" \/>\n<script type=\"application\/ld+json\" class=\"yoast-schema-graph\">{\"@context\":\"https:\/\/schema.org\",\"@graph\":[{\"@type\":\"WebPage\",\"@id\":\"https:\/\/lhydroptere.com\/histoire-de-lhydroptere\/\",\"url\":\"https:\/\/lhydroptere.com\/histoire-de-lhydroptere\/\",\"name\":\"L'histoire de L'Hydropt\u00e8re - L&#039;Hydroptere 2.0\",\"isPartOf\":{\"@id\":\"https:\/\/lhydroptere.com\/#website\"},\"datePublished\":\"2023-01-27T14:21:27+00:00\",\"dateModified\":\"2025-09-24T09:41:18+00:00\",\"description\":\"Partez \u00e0 la d\u00e9couverte de l'incroyable histoire de L'Hydropt\u00e8re: l'intuition d'Eric Tabarly, sa conception ses records, sa nouvelle vie.\",\"breadcrumb\":{\"@id\":\"https:\/\/lhydroptere.com\/histoire-de-lhydroptere\/#breadcrumb\"},\"inLanguage\":\"en-US\",\"potentialAction\":[{\"@type\":\"ReadAction\",\"target\":[\"https:\/\/lhydroptere.com\/histoire-de-lhydroptere\/\"]}]},{\"@type\":\"BreadcrumbList\",\"@id\":\"https:\/\/lhydroptere.com\/histoire-de-lhydroptere\/#breadcrumb\",\"itemListElement\":[{\"@type\":\"ListItem\",\"position\":1,\"name\":\"Accueil\",\"item\":\"https:\/\/lhydroptere.com\/\"},{\"@type\":\"ListItem\",\"position\":2,\"name\":\"L&rsquo;histoire de L&rsquo;Hydropt\u00e8re\"}]},{\"@type\":\"WebSite\",\"@id\":\"https:\/\/lhydroptere.com\/#website\",\"url\":\"https:\/\/lhydroptere.com\/\",\"name\":\"L'Hydroptere 2.0\",\"description\":\"\",\"publisher\":{\"@id\":\"https:\/\/lhydroptere.com\/#organization\"},\"potentialAction\":[{\"@type\":\"SearchAction\",\"target\":{\"@type\":\"EntryPoint\",\"urlTemplate\":\"https:\/\/lhydroptere.com\/?s={search_term_string}\"},\"query-input\":\"required name=search_term_string\"}],\"inLanguage\":\"en-US\"},{\"@type\":\"Organization\",\"@id\":\"https:\/\/lhydroptere.com\/#organization\",\"name\":\"L'Hydroptere 2.0\",\"url\":\"https:\/\/lhydroptere.com\/\",\"logo\":{\"@type\":\"ImageObject\",\"inLanguage\":\"en-US\",\"@id\":\"https:\/\/lhydroptere.com\/#\/schema\/logo\/image\/\",\"url\":\"https:\/\/lhydroptere.com\/wp-content\/uploads\/2023\/01\/Fichier-32.png\",\"contentUrl\":\"https:\/\/lhydroptere.com\/wp-content\/uploads\/2023\/01\/Fichier-32.png\",\"width\":194,\"height\":194,\"caption\":\"L'Hydroptere 2.0\"},\"image\":{\"@id\":\"https:\/\/lhydroptere.com\/#\/schema\/logo\/image\/\"},\"sameAs\":[\"https:\/\/www.facebook.com\/lhydroptere\/\",\"https:\/\/www.linkedin.com\/company\/lhydroptere\/\",\"https:\/\/www.instagram.com\/lhydroptere\/\"]}]}<\/script>\n<!-- \/ Yoast SEO plugin. -->","yoast_head_json":{"title":"L'histoire de L'Hydropt\u00e8re - L&#039;Hydroptere 2.0","description":"Partez \u00e0 la d\u00e9couverte de l'incroyable histoire de L'Hydropt\u00e8re: l'intuition d'Eric Tabarly, sa conception ses records, sa nouvelle vie.","robots":{"index":"index","follow":"follow","max-snippet":"max-snippet:-1","max-image-preview":"max-image-preview:large","max-video-preview":"max-video-preview:-1"},"canonical":"https:\/\/lhydroptere.com\/en\/the-story-of-hydroptere\/","og_locale":"en_US","og_type":"article","og_title":"L'histoire de L'Hydropt\u00e8re - L&#039;Hydroptere 2.0","og_description":"Partez \u00e0 la d\u00e9couverte de l'incroyable histoire de L'Hydropt\u00e8re: l'intuition d'Eric Tabarly, sa conception ses records, sa nouvelle vie.","og_url":"https:\/\/lhydroptere.com\/en\/the-story-of-hydroptere\/","og_site_name":"L&#039;Hydroptere 2.0","article_publisher":"https:\/\/www.facebook.com\/lhydroptere\/","article_modified_time":"2025-09-24T09:41:18+00:00","og_image":[{"url":"https:\/\/lhydroptere.com\/wp-content\/uploads\/2023\/04\/Tabarly-Foils-Pen-DuickIV-Williwaw-Fred-Monsonnec.jpg"}],"twitter_card":"summary_large_image","twitter_misc":{"Est. reading time":"25 minutes"},"schema":{"@context":"https:\/\/schema.org","@graph":[{"@type":"WebPage","@id":"https:\/\/lhydroptere.com\/histoire-de-lhydroptere\/","url":"https:\/\/lhydroptere.com\/histoire-de-lhydroptere\/","name":"L'histoire de L'Hydropt\u00e8re - L&#039;Hydroptere 2.0","isPartOf":{"@id":"https:\/\/lhydroptere.com\/#website"},"datePublished":"2023-01-27T14:21:27+00:00","dateModified":"2025-09-24T09:41:18+00:00","description":"Partez \u00e0 la d\u00e9couverte de l'incroyable histoire de L'Hydropt\u00e8re: l'intuition d'Eric Tabarly, sa conception ses records, sa nouvelle vie.","breadcrumb":{"@id":"https:\/\/lhydroptere.com\/histoire-de-lhydroptere\/#breadcrumb"},"inLanguage":"en-US","potentialAction":[{"@type":"ReadAction","target":["https:\/\/lhydroptere.com\/histoire-de-lhydroptere\/"]}]},{"@type":"BreadcrumbList","@id":"https:\/\/lhydroptere.com\/histoire-de-lhydroptere\/#breadcrumb","itemListElement":[{"@type":"ListItem","position":1,"name":"Accueil","item":"https:\/\/lhydroptere.com\/"},{"@type":"ListItem","position":2,"name":"L&rsquo;histoire de L&rsquo;Hydropt\u00e8re"}]},{"@type":"WebSite","@id":"https:\/\/lhydroptere.com\/#website","url":"https:\/\/lhydroptere.com\/","name":"L'Hydroptere 2.0","description":"","publisher":{"@id":"https:\/\/lhydroptere.com\/#organization"},"potentialAction":[{"@type":"SearchAction","target":{"@type":"EntryPoint","urlTemplate":"https:\/\/lhydroptere.com\/?s={search_term_string}"},"query-input":"required name=search_term_string"}],"inLanguage":"en-US"},{"@type":"Organization","@id":"https:\/\/lhydroptere.com\/#organization","name":"L'Hydroptere 2.0","url":"https:\/\/lhydroptere.com\/","logo":{"@type":"ImageObject","inLanguage":"en-US","@id":"https:\/\/lhydroptere.com\/#\/schema\/logo\/image\/","url":"https:\/\/lhydroptere.com\/wp-content\/uploads\/2023\/01\/Fichier-32.png","contentUrl":"https:\/\/lhydroptere.com\/wp-content\/uploads\/2023\/01\/Fichier-32.png","width":194,"height":194,"caption":"L'Hydroptere 2.0"},"image":{"@id":"https:\/\/lhydroptere.com\/#\/schema\/logo\/image\/"},"sameAs":["https:\/\/www.facebook.com\/lhydroptere\/","https:\/\/www.linkedin.com\/company\/lhydroptere\/","https:\/\/www.instagram.com\/lhydroptere\/"]}]}},"_links":{"self":[{"href":"https:\/\/lhydroptere.com\/en\/wp-json\/wp\/v2\/pages\/26","targetHints":{"allow":["GET"]}}],"collection":[{"href":"https:\/\/lhydroptere.com\/en\/wp-json\/wp\/v2\/pages"}],"about":[{"href":"https:\/\/lhydroptere.com\/en\/wp-json\/wp\/v2\/types\/page"}],"author":[{"embeddable":true,"href":"https:\/\/lhydroptere.com\/en\/wp-json\/wp\/v2\/users\/2"}],"replies":[{"embeddable":true,"href":"https:\/\/lhydroptere.com\/en\/wp-json\/wp\/v2\/comments?post=26"}],"version-history":[{"count":114,"href":"https:\/\/lhydroptere.com\/en\/wp-json\/wp\/v2\/pages\/26\/revisions"}],"predecessor-version":[{"id":8653,"href":"https:\/\/lhydroptere.com\/en\/wp-json\/wp\/v2\/pages\/26\/revisions\/8653"}],"wp:attachment":[{"href":"https:\/\/lhydroptere.com\/en\/wp-json\/wp\/v2\/media?parent=26"}],"curies":[{"name":"wp","href":"https:\/\/api.w.org\/{rel}","templated":true}]}}