{"id":28,"date":"2023-01-27T15:21:41","date_gmt":"2023-01-27T14:21:41","guid":{"rendered":"https:\/\/lhydroptere.com\/?page_id=28"},"modified":"2025-06-22T12:30:27","modified_gmt":"2025-06-22T10:30:27","slug":"notre-equipe","status":"publish","type":"page","link":"https:\/\/lhydroptere.com\/en\/our-team\/","title":{"rendered":"Our Team"},"content":{"rendered":"<div id='sectiondroiteimgabsequipe'  class='avia-section av-le2yq3w1-a0660a5791aea1c4b2595b812b85f0af main_color avia-section-default avia-no-border-styling  avia-builder-el-0  el_before_av_section  avia-builder-el-first  avia-bg-style-scroll container_wrap fullsize'  ><div class='container av-section-cont-open' ><main  role=\"main\" itemprop=\"mainContentOfPage\"  class='template-page content  av-content-full alpha units'><div class='post-entry post-entry-type-page post-entry-28'><div class='entry-content-wrapper clearfix'>\n<div class='flex_column av-6i6yo-28564419cf9d45598c0edcfd5bd48695 av_one_half  avia-builder-el-1  el_before_av_one_half  avia-builder-el-first  first flex_column_div av-animated-generic left-to-right'     ><br \/>\n<section  class='av_textblock_section av-5bh2s-4de24d3d1e0aaeb27f73b625101d1c71'  itemscope=\"itemscope\" itemtype=\"https:\/\/schema.org\/CreativeWork\" ><div class='avia_textblock'  itemprop=\"text\" ><p class=\"white\">Derri\u00e8re L\u2019HYDROPTERE 2.0, se trouve une petite \u00e9quipe qui met toute son \u00e9nergie \u00e0 r\u00e9nover L\u2019Hydropt\u00e8re pour lui offrir une nouvelle vie. Gr\u00e2ce \u00e0 une motivation sans faille, nous arrivons \u00e0 faire beaucoup avec tr\u00e8s peu de moyen.<\/p>\n<p class=\"white\">Si vous souhaitez nous aider, n&rsquo;h\u00e9sitez pas \u00e0 participer \u00e0 <a href=\"https:\/\/www.leetchi.com\/fr\/c\/ensemble-faisons-revoler-lhydroptere-8490216\" target=\"_blank\" rel=\"noopener\">notre cagnotte en ligne!<\/a><\/p>\n<\/div><\/section><br \/>\n<\/p><\/div><div class='flex_column av-45sgk-6ca84585d6a7580ad762bfd1bcbc9897 av_one_half  avia-builder-el-5  el_after_av_one_half  avia-builder-el-last  test flex_column_div'     ><\/div><\/div><\/div><\/main><!-- close content main element --><\/div><\/div><div id='sectionimgabs3'  class='avia-section av-le2ywu8a-041838569d2519e71a0a0e4c7860b92a main_color avia-section-default avia-no-border-styling  avia-builder-el-6  el_after_av_section  el_before_av_section  section1bis avia-bg-style-scroll container_wrap fullsize'  ><div class='container av-section-cont-open' ><div class='template-page content  av-content-full alpha units'><div class='post-entry post-entry-type-page post-entry-28'><div class='entry-content-wrapper clearfix'>\n<div class='flex_column av-lecw82im-13a32d6181403aa7c4f01c57663c902e av_one_fifth  avia-builder-el-7  el_before_av_one_full  avia-builder-el-first  first flex_column_div'     id=\"equipemobile\"  ><br \/>\n<section  class='av_textblock_section av-3k9x8-882f43228bb1deb328a9238b9b3b83fa'  itemscope=\"itemscope\" itemtype=\"https:\/\/schema.org\/CreativeWork\" ><div class='avia_textblock'  itemprop=\"text\" ><p class=\"white\">L'HYDROPTERE 2.0 is first and foremost a multidisciplinary team, which brings together technology and innovation enthusiasts from all walks of life: aeronautics, naval, ocean racing, aerospace, research, industry...<\/p>\n<\/div><\/section><br \/>\n<\/p><\/div><div class='flex_column av-2mhvg-5e67d6f80fe49397f6b7629134a4753b av_one_full  avia-builder-el-11  el_after_av_one_fifth  el_before_av_one_full  first flex_column_div av-animated-generic right-to-left column-top-margin'     id=\"imgsectionimgabs3\"  ><\/div><div class='flex_column av-7344-4395da9a85dac380189c03d07fd9be29 av_one_full  avia-builder-el-13  el_after_av_one_full  avia-builder-el-last  first flex_column_div av-animated-generic bottom-to-top column-top-margin'     ><\/div>\n<\/p>\n<\/div><\/div><\/div><!-- close content main div --><\/div><\/div><div id='av_section_3'  class='avia-section av-1q524-a5724cf1ca1aa971ced8376b511a291b main_color avia-section-default avia-no-border-styling  avia-builder-el-15  el_after_av_section  el_before_av_section  fondfoil avia-bg-style-scroll container_wrap fullsize'  ><div class='container av-section-cont-open' ><div class='template-page content  av-content-full alpha units'><div class='post-entry post-entry-type-page post-entry-28'><div class='entry-content-wrapper clearfix'>\n<div class='flex_column av-36g8-66f45b54a6d568b962b1afc5142563dd av_one_full  avia-builder-el-16  avia-builder-el-no-sibling  first flex_column_div av-animated-generic right-to-left'     ><br \/>\n<section  class='av_textblock_section av-lectums5-63741beb138a49aba8c415c2e6c6caed'  itemscope=\"itemscope\" itemtype=\"https:\/\/schema.org\/CreativeWork\" ><div class='avia_textblock'  itemprop=\"text\" ><p>The adventure of L'HYDROPTERE 2.0 SAS began with the rescue of L'Hydropt\u00e8re in Hawaii on June 28, 2019. This rescue, the repatriation of the vessel to France and the launch of her return to flying condition in 2023 were only made possible thanks to the active participation of partners who put their teams and know-how at the service of this adventure.<br \/>\nWe would like to thank them warmly. Without them, nothing would have been possible.<\/p>\n<p><strong style=\"color: black !important;\">Si vous souhaitez rejoindre notre club partenaires et rentrer dans l&rsquo;aventure :<\/strong><\/p>\n<\/div><\/section><br \/>\n<br \/>\n<\/p><\/div>\n\n<\/div><\/div><\/div><!-- close content main div --><\/div><\/div><div id='av_section_4'  class='avia-section av-lggkyirf-3b52f9ac5836510053f613e26f407861 main_color avia-section-default avia-no-border-styling  avia-builder-el-21  el_after_av_section  el_before_av_section  avia-bg-style-scroll container_wrap fullsize'  ><div class='container av-section-cont-open' ><div class='template-page content  av-content-full alpha units'><div class='post-entry post-entry-type-page post-entry-28'><div class='entry-content-wrapper clearfix'>\n<div class='flex_column av-z0wg-7a68536672231fe5d2695a9cbe773227 av_one_full  avia-builder-el-22  avia-builder-el-no-sibling  first flex_column_div av-animated-generic left-to-right'     ><br \/>\n<\/p><\/div>\n\n<\/div><\/div><\/div><!-- close content main div --><\/div><\/div><div id='av_section_5'  class='avia-section av-27bi0-9bd246fb2feaa9c3bbe70419457de9d3 main_color avia-section-default avia-no-border-styling  avia-builder-el-25  el_after_av_section  avia-builder-el-last  sectionfooter avia-bg-style-scroll container_wrap fullsize'  ><div class='container av-section-cont-open' ><div class='template-page content  av-content-full alpha units'><div class='post-entry post-entry-type-page post-entry-28'><div class='entry-content-wrapper clearfix'>\n<div class='flex_column av-1mv5o-4c44ccdd3720bf8edc1e3f7ec172b23c av_one_full  avia-builder-el-26  avia-builder-el-no-sibling  first flex_column_div'     ><\/div>","protected":false},"excerpt":{"rendered":"","protected":false},"author":2,"featured_media":0,"parent":0,"menu_order":0,"comment_status":"closed","ping_status":"closed","template":"","meta":{"inline_featured_image":false,"footnotes":""},"class_list":["post-28","page","type-page","status-publish","hentry"],"yoast_head":"<!-- This site is optimized with the Yoast SEO plugin v20.5 - https:\/\/yoast.com\/wordpress\/plugins\/seo\/ -->\n<title>Notre \u00e9quipe - L&#039;Hydroptere 2.0<\/title>\n<meta name=\"description\" content=\"L\u2019HYDROPTERE 2.0, c\u2019est avant tout une \u00e9quipe pluridisciplinaire, qui regroupe des passionn\u00e9s de technologie et d\u2019innovation de tous horizons !\" \/>\n<meta name=\"robots\" content=\"index, follow, max-snippet:-1, max-image-preview:large, max-video-preview:-1\" \/>\n<link rel=\"canonical\" href=\"https:\/\/lhydroptere.com\/en\/our-team\/\" \/>\n<meta property=\"og:locale\" content=\"en_US\" \/>\n<meta property=\"og:type\" content=\"article\" \/>\n<meta property=\"og:title\" content=\"Notre \u00e9quipe - L&#039;Hydroptere 2.0\" \/>\n<meta property=\"og:description\" content=\"L\u2019HYDROPTERE 2.0, c\u2019est avant tout une \u00e9quipe pluridisciplinaire, qui regroupe des passionn\u00e9s de technologie et d\u2019innovation de tous horizons !\" \/>\n<meta property=\"og:url\" content=\"https:\/\/lhydroptere.com\/en\/our-team\/\" \/>\n<meta property=\"og:site_name\" content=\"L&#039;Hydroptere 2.0\" \/>\n<meta property=\"article:publisher\" content=\"https:\/\/www.facebook.com\/lhydroptere\/\" \/>\n<meta property=\"article:modified_time\" content=\"2025-06-22T10:30:27+00:00\" \/>\n<meta property=\"og:image\" content=\"https:\/\/lhydroptere.com\/wp-content\/uploads\/2023\/02\/Icon-ionic-ios-mail.png\" \/>\n<meta name=\"twitter:card\" content=\"summary_large_image\" \/>\n<meta name=\"twitter:label1\" content=\"Est. reading time\" \/>\n\t<meta name=\"twitter:data1\" content=\"19 minutes\" \/>\n<script type=\"application\/ld+json\" class=\"yoast-schema-graph\">{\"@context\":\"https:\/\/schema.org\",\"@graph\":[{\"@type\":\"WebPage\",\"@id\":\"https:\/\/lhydroptere.com\/notre-equipe\/\",\"url\":\"https:\/\/lhydroptere.com\/notre-equipe\/\",\"name\":\"Notre \u00e9quipe - L&#039;Hydroptere 2.0\",\"isPartOf\":{\"@id\":\"https:\/\/lhydroptere.com\/#website\"},\"datePublished\":\"2023-01-27T14:21:41+00:00\",\"dateModified\":\"2025-06-22T10:30:27+00:00\",\"description\":\"L\u2019HYDROPTERE 2.0, c\u2019est avant tout une \u00e9quipe pluridisciplinaire, qui regroupe des passionn\u00e9s de technologie et d\u2019innovation de tous horizons !\",\"breadcrumb\":{\"@id\":\"https:\/\/lhydroptere.com\/notre-equipe\/#breadcrumb\"},\"inLanguage\":\"en-US\",\"potentialAction\":[{\"@type\":\"ReadAction\",\"target\":[\"https:\/\/lhydroptere.com\/notre-equipe\/\"]}]},{\"@type\":\"BreadcrumbList\",\"@id\":\"https:\/\/lhydroptere.com\/notre-equipe\/#breadcrumb\",\"itemListElement\":[{\"@type\":\"ListItem\",\"position\":1,\"name\":\"Accueil\",\"item\":\"https:\/\/lhydroptere.com\/\"},{\"@type\":\"ListItem\",\"position\":2,\"name\":\"Notre \u00e9quipe\"}]},{\"@type\":\"WebSite\",\"@id\":\"https:\/\/lhydroptere.com\/#website\",\"url\":\"https:\/\/lhydroptere.com\/\",\"name\":\"L'Hydroptere 2.0\",\"description\":\"\",\"publisher\":{\"@id\":\"https:\/\/lhydroptere.com\/#organization\"},\"potentialAction\":[{\"@type\":\"SearchAction\",\"target\":{\"@type\":\"EntryPoint\",\"urlTemplate\":\"https:\/\/lhydroptere.com\/?s={search_term_string}\"},\"query-input\":\"required name=search_term_string\"}],\"inLanguage\":\"en-US\"},{\"@type\":\"Organization\",\"@id\":\"https:\/\/lhydroptere.com\/#organization\",\"name\":\"L'Hydroptere 2.0\",\"url\":\"https:\/\/lhydroptere.com\/\",\"logo\":{\"@type\":\"ImageObject\",\"inLanguage\":\"en-US\",\"@id\":\"https:\/\/lhydroptere.com\/#\/schema\/logo\/image\/\",\"url\":\"https:\/\/lhydroptere.com\/wp-content\/uploads\/2023\/01\/Fichier-32.png\",\"contentUrl\":\"https:\/\/lhydroptere.com\/wp-content\/uploads\/2023\/01\/Fichier-32.png\",\"width\":194,\"height\":194,\"caption\":\"L'Hydroptere 2.0\"},\"image\":{\"@id\":\"https:\/\/lhydroptere.com\/#\/schema\/logo\/image\/\"},\"sameAs\":[\"https:\/\/www.facebook.com\/lhydroptere\/\",\"https:\/\/www.linkedin.com\/company\/lhydroptere\/\",\"https:\/\/www.instagram.com\/lhydroptere\/\"]}]}<\/script>\n<!-- \/ Yoast SEO plugin. -->","yoast_head_json":{"title":"Notre \u00e9quipe - L&#039;Hydroptere 2.0","description":"L\u2019HYDROPTERE 2.0, c\u2019est avant tout une \u00e9quipe pluridisciplinaire, qui regroupe des passionn\u00e9s de technologie et d\u2019innovation de tous horizons !","robots":{"index":"index","follow":"follow","max-snippet":"max-snippet:-1","max-image-preview":"max-image-preview:large","max-video-preview":"max-video-preview:-1"},"canonical":"https:\/\/lhydroptere.com\/en\/our-team\/","og_locale":"en_US","og_type":"article","og_title":"Notre \u00e9quipe - L&#039;Hydroptere 2.0","og_description":"L\u2019HYDROPTERE 2.0, c\u2019est avant tout une \u00e9quipe pluridisciplinaire, qui regroupe des passionn\u00e9s de technologie et d\u2019innovation de tous horizons !","og_url":"https:\/\/lhydroptere.com\/en\/our-team\/","og_site_name":"L&#039;Hydroptere 2.0","article_publisher":"https:\/\/www.facebook.com\/lhydroptere\/","article_modified_time":"2025-06-22T10:30:27+00:00","og_image":[{"url":"https:\/\/lhydroptere.com\/wp-content\/uploads\/2023\/02\/Icon-ionic-ios-mail.png"}],"twitter_card":"summary_large_image","twitter_misc":{"Est. reading time":"19 minutes"},"schema":{"@context":"https:\/\/schema.org","@graph":[{"@type":"WebPage","@id":"https:\/\/lhydroptere.com\/notre-equipe\/","url":"https:\/\/lhydroptere.com\/notre-equipe\/","name":"Notre \u00e9quipe - L&#039;Hydroptere 2.0","isPartOf":{"@id":"https:\/\/lhydroptere.com\/#website"},"datePublished":"2023-01-27T14:21:41+00:00","dateModified":"2025-06-22T10:30:27+00:00","description":"L\u2019HYDROPTERE 2.0, c\u2019est avant tout une \u00e9quipe pluridisciplinaire, qui regroupe des passionn\u00e9s de technologie et d\u2019innovation de tous horizons !","breadcrumb":{"@id":"https:\/\/lhydroptere.com\/notre-equipe\/#breadcrumb"},"inLanguage":"en-US","potentialAction":[{"@type":"ReadAction","target":["https:\/\/lhydroptere.com\/notre-equipe\/"]}]},{"@type":"BreadcrumbList","@id":"https:\/\/lhydroptere.com\/notre-equipe\/#breadcrumb","itemListElement":[{"@type":"ListItem","position":1,"name":"Accueil","item":"https:\/\/lhydroptere.com\/"},{"@type":"ListItem","position":2,"name":"Notre \u00e9quipe"}]},{"@type":"WebSite","@id":"https:\/\/lhydroptere.com\/#website","url":"https:\/\/lhydroptere.com\/","name":"L'Hydroptere 2.0","description":"","publisher":{"@id":"https:\/\/lhydroptere.com\/#organization"},"potentialAction":[{"@type":"SearchAction","target":{"@type":"EntryPoint","urlTemplate":"https:\/\/lhydroptere.com\/?s={search_term_string}"},"query-input":"required name=search_term_string"}],"inLanguage":"en-US"},{"@type":"Organization","@id":"https:\/\/lhydroptere.com\/#organization","name":"L'Hydroptere 2.0","url":"https:\/\/lhydroptere.com\/","logo":{"@type":"ImageObject","inLanguage":"en-US","@id":"https:\/\/lhydroptere.com\/#\/schema\/logo\/image\/","url":"https:\/\/lhydroptere.com\/wp-content\/uploads\/2023\/01\/Fichier-32.png","contentUrl":"https:\/\/lhydroptere.com\/wp-content\/uploads\/2023\/01\/Fichier-32.png","width":194,"height":194,"caption":"L'Hydroptere 2.0"},"image":{"@id":"https:\/\/lhydroptere.com\/#\/schema\/logo\/image\/"},"sameAs":["https:\/\/www.facebook.com\/lhydroptere\/","https:\/\/www.linkedin.com\/company\/lhydroptere\/","https:\/\/www.instagram.com\/lhydroptere\/"]}]}},"_links":{"self":[{"href":"https:\/\/lhydroptere.com\/en\/wp-json\/wp\/v2\/pages\/28","targetHints":{"allow":["GET"]}}],"collection":[{"href":"https:\/\/lhydroptere.com\/en\/wp-json\/wp\/v2\/pages"}],"about":[{"href":"https:\/\/lhydroptere.com\/en\/wp-json\/wp\/v2\/types\/page"}],"author":[{"embeddable":true,"href":"https:\/\/lhydroptere.com\/en\/wp-json\/wp\/v2\/users\/2"}],"replies":[{"embeddable":true,"href":"https:\/\/lhydroptere.com\/en\/wp-json\/wp\/v2\/comments?post=28"}],"version-history":[{"count":135,"href":"https:\/\/lhydroptere.com\/en\/wp-json\/wp\/v2\/pages\/28\/revisions"}],"predecessor-version":[{"id":7287,"href":"https:\/\/lhydroptere.com\/en\/wp-json\/wp\/v2\/pages\/28\/revisions\/7287"}],"wp:attachment":[{"href":"https:\/\/lhydroptere.com\/en\/wp-json\/wp\/v2\/media?parent=28"}],"curies":[{"name":"wp","href":"https:\/\/api.w.org\/{rel}","templated":true}]}}