{"id":2886,"date":"2024-04-26T16:35:21","date_gmt":"2024-04-26T14:35:21","guid":{"rendered":"https:\/\/lhydroptere.com\/?page_id=2886"},"modified":"2024-06-07T16:37:02","modified_gmt":"2024-06-07T14:37:02","slug":"nos-valeurs","status":"publish","type":"page","link":"https:\/\/lhydroptere.com\/en\/our-values\/","title":{"rendered":"Our values"},"content":{"rendered":"<div id='av_section_1'  class='avia-section av-evitpy-ab10160f64b75aac912370eac387d5d4 main_color avia-section-default avia-no-border-styling  avia-builder-el-0  el_before_av_section  avia-builder-el-first  section1 avia-bg-style-scroll container_wrap fullsize'  ><div class='container av-section-cont-open' ><main  role=\"main\" itemprop=\"mainContentOfPage\"  class='template-page content  av-content-full alpha units'><div class='post-entry post-entry-type-page post-entry-2886'><div class='entry-content-wrapper clearfix'>\n<div class='flex_column av-c9bu3q-eff45453b7253663b8ca013643626515 av_one_full  avia-builder-el-1  avia-builder-el-no-sibling  first flex_column_div'     ><br \/>\n<\/p><\/div>\n\n<\/div><\/div><\/main><!-- close content main element --><\/div><\/div><div id='av_section_2'  class='avia-section av-xboye-e7849d8ca5b9011c9b832fd362686975 main_color avia-section-default avia-no-border-styling  avia-builder-el-4  el_after_av_section  el_before_av_codeblock  fond20plat avia-bg-style-scroll container_wrap fullsize'  ><div class='container av-section-cont-open' ><div class='template-page content  av-content-full alpha units'><div class='post-entry post-entry-type-page post-entry-2886'><div class='entry-content-wrapper clearfix'>\n<div class='flex_column av-7vdr12-5df33d69b76ebfb04a3c03ee9ae6ed63 av_one_full  avia-builder-el-5  avia-builder-el-no-sibling  first flex_column_div'     ><br \/>\n<section  class='av_textblock_section av-lvkrn2ok-d2e33ada6afbc89df0cac3c319726f91'  itemscope=\"itemscope\" itemtype=\"https:\/\/schema.org\/CreativeWork\" ><div class='avia_textblock'  itemprop=\"text\" ><p>By bringing <strong>innovation<\/strong> on board his flying sailboats, proud representative of the concepts of <strong>efficiency<\/strong>, <strong>sustainability<\/strong> and <strong>evolutivity <\/strong>through its research projects, L'HYDROPTERE 2.0 is committed to the <strong>energy <\/strong><strong>transition<\/strong><\/p>\n<p>To stay in line with these values, L'HYDROPTERE 2.0 is firmly committed to a rigorous policy of social and environmental responsibility.<\/p>\n<p>For this purpose, we provide companies, laboratories and consortiums with our <strong>2 zero-emission test platforms<\/strong> (with velocity propulsion) resulting from a reconversion, to limit the carbon footprint of their R&amp;D.<\/p>\n<p>We want to use our sailboats to <strong>promote science, engineering and sailing<\/strong>\u00a0among young people, especially young women, and to convey messages in favour of the <strong>energy transition<\/strong> and the <strong>preservation of the marine environment<\/strong>.<\/p>\n<p>By being aware of the impact of our activities on the environment and society as a whole, we pay particular attention to every aspect of our operations :<\/p>\n<ul class=\"listinnovation\">\n<li>Collaboration with local companies and suppliers (logistics, craning, rigging)<\/li>\n<li>Optimisation of our business travels<\/li>\n<li>Responsible management of our waste<\/li>\n<li>Second life of materials and supplies for the renovation of our platforms and the implementation of experimentations (for example: reuse of decommissioned Airbus aeronautical carbon).<\/li>\n<\/ul>\n<p>If you share our <strong>values<\/strong> and <strong>commitments<\/strong> to these <strong>major issues<\/strong>, join us in promoting them while developing your CSR policy.<\/p>\n<\/div><\/section><\/p><\/div><\/div><\/div><\/div><!-- close content main div --><\/div><\/div><div id='after_section_2'  class='main_color av_default_container_wrap container_wrap fullsize'  ><div class='container av-section-cont-open' ><div class='template-page content  av-content-full alpha units'><div class='post-entry post-entry-type-page post-entry-2886'><div class='entry-content-wrapper clearfix'><\/p>\n<\/div><\/div><\/div><!-- close content main div --><\/div><\/div><div id='av_section_3'  class='avia-section av-6ejj3a-f60d02903c78140740cb0c0d6f38b23c main_color avia-section-default avia-no-border-styling  avia-builder-el-9  el_after_av_codeblock  avia-builder-el-last  sectionfooter avia-bg-style-scroll container_wrap fullsize'  ><div class='container av-section-cont-open' ><div class='template-page content  av-content-full alpha units'><div class='post-entry post-entry-type-page post-entry-2886'><div class='entry-content-wrapper clearfix'>\n<div class='flex_column av-ea912-485674f2b04ac6afc4c9a5bf460a706d av_one_full  avia-builder-el-10  avia-builder-el-no-sibling  first flex_column_div'     ><\/div>","protected":false},"excerpt":{"rendered":"","protected":false},"author":2,"featured_media":0,"parent":0,"menu_order":0,"comment_status":"closed","ping_status":"closed","template":"","meta":{"inline_featured_image":false,"footnotes":""},"class_list":["post-2886","page","type-page","status-publish","hentry"],"yoast_head":"<!-- This site is optimized with the Yoast SEO plugin v20.5 - https:\/\/yoast.com\/wordpress\/plugins\/seo\/ -->\n<title>Nos valeurs - L&#039;Hydroptere 2.0<\/title>\n<meta name=\"description\" content=\"D\u00e9couvrez nos valeurs ainsi que nos engagements RSE ax\u00e9s sur l&#039;efficience, l&#039;\u00e9volutivit\u00e9, durabilit\u00e9, l&#039;\u00e9ducation et le patrimoine.\" \/>\n<meta name=\"robots\" content=\"index, follow, max-snippet:-1, max-image-preview:large, max-video-preview:-1\" \/>\n<link rel=\"canonical\" href=\"https:\/\/lhydroptere.com\/en\/our-values\/\" \/>\n<meta property=\"og:locale\" content=\"en_US\" \/>\n<meta property=\"og:type\" content=\"article\" \/>\n<meta property=\"og:title\" content=\"Nos valeurs - L&#039;Hydroptere 2.0\" \/>\n<meta property=\"og:description\" content=\"D\u00e9couvrez nos valeurs ainsi que nos engagements RSE ax\u00e9s sur l&#039;efficience, l&#039;\u00e9volutivit\u00e9, durabilit\u00e9, l&#039;\u00e9ducation et le patrimoine.\" \/>\n<meta property=\"og:url\" content=\"https:\/\/lhydroptere.com\/en\/our-values\/\" \/>\n<meta property=\"og:site_name\" content=\"L&#039;Hydroptere 2.0\" \/>\n<meta property=\"article:publisher\" content=\"https:\/\/www.facebook.com\/lhydroptere\/\" \/>\n<meta property=\"article:modified_time\" content=\"2024-06-07T14:37:02+00:00\" \/>\n<meta property=\"og:image\" content=\"https:\/\/lhydroptere.com\/wp-content\/uploads\/2024\/04\/environnemental.svg\" \/>\n<meta name=\"twitter:card\" content=\"summary_large_image\" \/>\n<meta name=\"twitter:label1\" content=\"Est. reading time\" \/>\n\t<meta name=\"twitter:data1\" content=\"8 minutes\" \/>\n<script type=\"application\/ld+json\" class=\"yoast-schema-graph\">{\"@context\":\"https:\/\/schema.org\",\"@graph\":[{\"@type\":\"WebPage\",\"@id\":\"https:\/\/lhydroptere.com\/nos-valeurs\/\",\"url\":\"https:\/\/lhydroptere.com\/nos-valeurs\/\",\"name\":\"Nos valeurs - L&#039;Hydroptere 2.0\",\"isPartOf\":{\"@id\":\"https:\/\/lhydroptere.com\/#website\"},\"datePublished\":\"2024-04-26T14:35:21+00:00\",\"dateModified\":\"2024-06-07T14:37:02+00:00\",\"description\":\"D\u00e9couvrez nos valeurs ainsi que nos engagements RSE ax\u00e9s sur l'efficience, l'\u00e9volutivit\u00e9, durabilit\u00e9, l'\u00e9ducation et le patrimoine.\",\"breadcrumb\":{\"@id\":\"https:\/\/lhydroptere.com\/nos-valeurs\/#breadcrumb\"},\"inLanguage\":\"en-US\",\"potentialAction\":[{\"@type\":\"ReadAction\",\"target\":[\"https:\/\/lhydroptere.com\/nos-valeurs\/\"]}]},{\"@type\":\"BreadcrumbList\",\"@id\":\"https:\/\/lhydroptere.com\/nos-valeurs\/#breadcrumb\",\"itemListElement\":[{\"@type\":\"ListItem\",\"position\":1,\"name\":\"Accueil\",\"item\":\"https:\/\/lhydroptere.com\/\"},{\"@type\":\"ListItem\",\"position\":2,\"name\":\"Nos valeurs\"}]},{\"@type\":\"WebSite\",\"@id\":\"https:\/\/lhydroptere.com\/#website\",\"url\":\"https:\/\/lhydroptere.com\/\",\"name\":\"L'Hydroptere 2.0\",\"description\":\"\",\"publisher\":{\"@id\":\"https:\/\/lhydroptere.com\/#organization\"},\"potentialAction\":[{\"@type\":\"SearchAction\",\"target\":{\"@type\":\"EntryPoint\",\"urlTemplate\":\"https:\/\/lhydroptere.com\/?s={search_term_string}\"},\"query-input\":\"required name=search_term_string\"}],\"inLanguage\":\"en-US\"},{\"@type\":\"Organization\",\"@id\":\"https:\/\/lhydroptere.com\/#organization\",\"name\":\"L'Hydroptere 2.0\",\"url\":\"https:\/\/lhydroptere.com\/\",\"logo\":{\"@type\":\"ImageObject\",\"inLanguage\":\"en-US\",\"@id\":\"https:\/\/lhydroptere.com\/#\/schema\/logo\/image\/\",\"url\":\"https:\/\/lhydroptere.com\/wp-content\/uploads\/2023\/01\/Fichier-32.png\",\"contentUrl\":\"https:\/\/lhydroptere.com\/wp-content\/uploads\/2023\/01\/Fichier-32.png\",\"width\":194,\"height\":194,\"caption\":\"L'Hydroptere 2.0\"},\"image\":{\"@id\":\"https:\/\/lhydroptere.com\/#\/schema\/logo\/image\/\"},\"sameAs\":[\"https:\/\/www.facebook.com\/lhydroptere\/\",\"https:\/\/www.linkedin.com\/company\/lhydroptere\/\",\"https:\/\/www.instagram.com\/lhydroptere\/\"]}]}<\/script>\n<!-- \/ Yoast SEO plugin. -->","yoast_head_json":{"title":"Nos valeurs - L&#039;Hydroptere 2.0","description":"D\u00e9couvrez nos valeurs ainsi que nos engagements RSE ax\u00e9s sur l'efficience, l'\u00e9volutivit\u00e9, durabilit\u00e9, l'\u00e9ducation et le patrimoine.","robots":{"index":"index","follow":"follow","max-snippet":"max-snippet:-1","max-image-preview":"max-image-preview:large","max-video-preview":"max-video-preview:-1"},"canonical":"https:\/\/lhydroptere.com\/en\/our-values\/","og_locale":"en_US","og_type":"article","og_title":"Nos valeurs - L&#039;Hydroptere 2.0","og_description":"D\u00e9couvrez nos valeurs ainsi que nos engagements RSE ax\u00e9s sur l'efficience, l'\u00e9volutivit\u00e9, durabilit\u00e9, l'\u00e9ducation et le patrimoine.","og_url":"https:\/\/lhydroptere.com\/en\/our-values\/","og_site_name":"L&#039;Hydroptere 2.0","article_publisher":"https:\/\/www.facebook.com\/lhydroptere\/","article_modified_time":"2024-06-07T14:37:02+00:00","og_image":[{"url":"https:\/\/lhydroptere.com\/wp-content\/uploads\/2024\/04\/environnemental.svg"}],"twitter_card":"summary_large_image","twitter_misc":{"Est. reading time":"8 minutes"},"schema":{"@context":"https:\/\/schema.org","@graph":[{"@type":"WebPage","@id":"https:\/\/lhydroptere.com\/nos-valeurs\/","url":"https:\/\/lhydroptere.com\/nos-valeurs\/","name":"Nos valeurs - L&#039;Hydroptere 2.0","isPartOf":{"@id":"https:\/\/lhydroptere.com\/#website"},"datePublished":"2024-04-26T14:35:21+00:00","dateModified":"2024-06-07T14:37:02+00:00","description":"D\u00e9couvrez nos valeurs ainsi que nos engagements RSE ax\u00e9s sur l'efficience, l'\u00e9volutivit\u00e9, durabilit\u00e9, l'\u00e9ducation et le patrimoine.","breadcrumb":{"@id":"https:\/\/lhydroptere.com\/nos-valeurs\/#breadcrumb"},"inLanguage":"en-US","potentialAction":[{"@type":"ReadAction","target":["https:\/\/lhydroptere.com\/nos-valeurs\/"]}]},{"@type":"BreadcrumbList","@id":"https:\/\/lhydroptere.com\/nos-valeurs\/#breadcrumb","itemListElement":[{"@type":"ListItem","position":1,"name":"Accueil","item":"https:\/\/lhydroptere.com\/"},{"@type":"ListItem","position":2,"name":"Nos valeurs"}]},{"@type":"WebSite","@id":"https:\/\/lhydroptere.com\/#website","url":"https:\/\/lhydroptere.com\/","name":"L'Hydroptere 2.0","description":"","publisher":{"@id":"https:\/\/lhydroptere.com\/#organization"},"potentialAction":[{"@type":"SearchAction","target":{"@type":"EntryPoint","urlTemplate":"https:\/\/lhydroptere.com\/?s={search_term_string}"},"query-input":"required name=search_term_string"}],"inLanguage":"en-US"},{"@type":"Organization","@id":"https:\/\/lhydroptere.com\/#organization","name":"L'Hydroptere 2.0","url":"https:\/\/lhydroptere.com\/","logo":{"@type":"ImageObject","inLanguage":"en-US","@id":"https:\/\/lhydroptere.com\/#\/schema\/logo\/image\/","url":"https:\/\/lhydroptere.com\/wp-content\/uploads\/2023\/01\/Fichier-32.png","contentUrl":"https:\/\/lhydroptere.com\/wp-content\/uploads\/2023\/01\/Fichier-32.png","width":194,"height":194,"caption":"L'Hydroptere 2.0"},"image":{"@id":"https:\/\/lhydroptere.com\/#\/schema\/logo\/image\/"},"sameAs":["https:\/\/www.facebook.com\/lhydroptere\/","https:\/\/www.linkedin.com\/company\/lhydroptere\/","https:\/\/www.instagram.com\/lhydroptere\/"]}]}},"_links":{"self":[{"href":"https:\/\/lhydroptere.com\/en\/wp-json\/wp\/v2\/pages\/2886","targetHints":{"allow":["GET"]}}],"collection":[{"href":"https:\/\/lhydroptere.com\/en\/wp-json\/wp\/v2\/pages"}],"about":[{"href":"https:\/\/lhydroptere.com\/en\/wp-json\/wp\/v2\/types\/page"}],"author":[{"embeddable":true,"href":"https:\/\/lhydroptere.com\/en\/wp-json\/wp\/v2\/users\/2"}],"replies":[{"embeddable":true,"href":"https:\/\/lhydroptere.com\/en\/wp-json\/wp\/v2\/comments?post=2886"}],"version-history":[{"count":58,"href":"https:\/\/lhydroptere.com\/en\/wp-json\/wp\/v2\/pages\/2886\/revisions"}],"predecessor-version":[{"id":6877,"href":"https:\/\/lhydroptere.com\/en\/wp-json\/wp\/v2\/pages\/2886\/revisions\/6877"}],"wp:attachment":[{"href":"https:\/\/lhydroptere.com\/en\/wp-json\/wp\/v2\/media?parent=2886"}],"curies":[{"name":"wp","href":"https:\/\/api.w.org\/{rel}","templated":true}]}}