{"id":38,"date":"2023-01-27T15:24:26","date_gmt":"2023-01-27T14:24:26","guid":{"rendered":"https:\/\/lhydroptere.com\/?page_id=38"},"modified":"2025-06-22T12:39:57","modified_gmt":"2025-06-22T10:39:57","slug":"lhydroptere","status":"publish","type":"page","link":"https:\/\/lhydroptere.com\/en\/lhydroptere\/","title":{"rendered":"L\u2019Hydropt\u00e8re"},"content":{"rendered":"<div id='av_section_1'  class='avia-section av-7hcbq-201bef7616466495fbd4716937350c2a main_color avia-section-default avia-no-border-styling  avia-builder-el-0  el_before_av_section  avia-builder-el-first  section1Hydro avia-bg-style-scroll container_wrap fullsize'  ><div class='container av-section-cont-open' ><main  role=\"main\" itemprop=\"mainContentOfPage\"  class='template-page content  av-content-full alpha units'><div class='post-entry post-entry-type-page post-entry-38'><div class='entry-content-wrapper clearfix'>\n\n\n<\/div><\/div><\/main><!-- close content main element --><\/div><\/div><div id='sectiontextebateau'  class='avia-section av-6y29m-05b3e8c68f94564e46c740562cc1db0b main_color avia-section-default avia-no-border-styling  avia-builder-el-2  el_after_av_section  el_before_av_section  avia-bg-style-scroll container_wrap fullsize'  ><div class='container av-section-cont-open' ><div class='template-page content  av-content-full alpha units'><div class='post-entry post-entry-type-page post-entry-38'><div class='entry-content-wrapper clearfix'>\n<div class='flex_column av-6h082-de658d7edf546e762a0a49ee3e0fe7fd av_one_full  avia-builder-el-3  avia-builder-el-no-sibling  textvoilier first flex_column_div av-animated-generic bottom-to-top'     ><br \/>\n<section  class='av_textblock_section av-5fa4e-705d456fdafd7bdf9a799b5efc1a1692'  itemscope=\"itemscope\" itemtype=\"https:\/\/schema.org\/CreativeWork\" ><div class='avia_textblock'  itemprop=\"text\" ><p style=\"color: white;\" class=\" translation-block\">Conceived by \u00c9ric Tabarly, developed by Alain Th\u00e9bault and built by a consortium of major French industries, L'Hydropt\u00e8re is a legendary foiling trimaran.<br> 25 years ahead of its time, it pioneered high-speed foiling.<br> She was the first sailboat to break the 50-knot barrier under sail, the equivalent of the sound barrier for aeronautics, and brought sailboats into a new dimension, that of the air.<\/p>\n<\/div><\/section><\/p><\/div>\n\n<\/div><\/div><\/div><!-- close content main div --><\/div><\/div><div id='av_section_3'  class='avia-section av-4l9ya-08033f6d4a452f23d7b2e82d461f2493 main_color avia-section-default avia-no-border-styling  avia-builder-el-6  el_after_av_section  el_before_av_section  fondHY avia-bg-style-scroll container_wrap fullsize'  ><div class='container av-section-cont-open' ><div class='template-page content  av-content-full alpha units'><div class='post-entry post-entry-type-page post-entry-38'><div class='entry-content-wrapper clearfix'>\n<div class='flex_column av-3qwqq-a5bddbaff6fc5452fb5a2fc9ffadaf7b av_one_full  avia-builder-el-7  avia-builder-el-no-sibling  first flex_column_div av-animated-generic left-to-right'     ><br \/>\n<br \/>\n<div class='avia-data-table-wrap av-2hqcq-f0c1777b8f66eab0667dcf3e419a4aee avia_responsive_table avia-table-1'><table  class='avia-table avia-data-table avia_pricing_minimal  avia-builder-el-10  el_after_av_codeblock  el_before_av_codeblock  tableauspec'  itemscope=\"itemscope\" itemtype=\"https:\/\/schema.org\/Table\" ><tbody><tr class=''><td class=''>Length overall - Central hull<\/td><td class=''>18.28 m<\/td><td class=''>60 ft<\/td><\/tr><tr class=''><td class=''>Length overall - Floats<\/td><td class=''>6.7 m<\/td><td class=''>22 ft<\/td><\/tr><tr class=''><td class=''>Beam<\/td><td class=''>24 m<\/td><td class=''>78.75 ft<\/td><\/tr><tr class=''><td class=''>Draft (in air)<\/td><td class=''>30 m<\/td><td class=''>98.5 ft<\/td><\/tr><tr class=''><td class=''>Draft - Central hull<\/td><td class=''>1.3 m<\/td><td class=''>4.25 ft<\/td><\/tr><tr class=''><td class=''>Draft - Foils<\/td><td class=''>3.5 m<\/td><td class=''>11.5 ft<\/td><\/tr><tr class=''><td class=''>Displacement<\/td><td class=''>7.5 tons<\/td><td class=''>16 535 lbs<\/td><\/tr><tr class=''><td class=''>Sail Surface (Mainsail \/ Solent \/ Stormsail)<\/td><td class=''>195 \/ 105 \/ 65  m\u00b2<\/td><td class=''>2 099 \/ 1 130 \/ 700 sqft<\/td><\/tr><tr class=''><td class=''>Top speed<\/td><td class=''>55.5 knots \/ 102.8 km\/h<\/td><td class=''>55.5 knots \/ 89.32 mph<\/td><\/tr><tr class=''><td class=''>Crew<\/td><td class=''>4 to 10 people<\/td><td class=''><\/td><\/tr><\/tbody><\/table><\/div><br \/>\n<\/p><\/div>\n\n<\/div><\/div><\/div><!-- close content main div --><\/div><\/div><div id='av_section_4'  class='avia-section av-av_section-04ac2fd16156d482164f7891fd315a5b main_color avia-section-default avia-no-border-styling  avia-builder-el-12  el_after_av_section  el_before_av_section  fondbleuplat avia-bg-style-scroll container_wrap fullsize'  ><div class='container av-section-cont-open' ><div class='template-page content  av-content-full alpha units'><div class='post-entry post-entry-type-page post-entry-38'><div class='entry-content-wrapper clearfix'>\n<div class='flex_column av-av_one_full-a92d3643eaf4ee9d26fe9d35582afeb0 av_one_full  avia-builder-el-13  avia-builder-el-no-sibling  first flex_column_div av-animated-generic top-to-bottom'     ><br \/>\n<br \/>\n<br \/>\n<\/p><\/div>\n\n<\/div><\/div><\/div><!-- close content main div --><\/div><\/div><div id='av_section_5'  class='avia-section av-248h2-7ce1a1ce1c47476cd3f8c94791a73fd0 main_color avia-section-default avia-no-border-styling  avia-builder-el-18  el_after_av_section  avia-builder-el-last  sectionfooter avia-bg-style-scroll container_wrap fullsize'  ><div class='container av-section-cont-open' ><div class='template-page content  av-content-full alpha units'><div class='post-entry post-entry-type-page post-entry-38'><div class='entry-content-wrapper clearfix'>\n<div class='flex_column av-1ia1i-eeaff57b13b8d6a2fdc4772c4a113e93 av_one_full  avia-builder-el-19  avia-builder-el-no-sibling  first flex_column_div'     ><\/div>","protected":false},"excerpt":{"rendered":"","protected":false},"author":2,"featured_media":0,"parent":0,"menu_order":0,"comment_status":"closed","ping_status":"closed","template":"","meta":{"inline_featured_image":false,"footnotes":""},"class_list":["post-38","page","type-page","status-publish","hentry"],"yoast_head":"<!-- This site is optimized with the Yoast SEO plugin v20.5 - https:\/\/yoast.com\/wordpress\/plugins\/seo\/ -->\n<title>L&#039;Hydropt\u00e8re - L&#039;Hydroptere 2.0<\/title>\n<meta name=\"description\" content=\"L&#039;HYDROPTERE 2.0 vous propose ses plateformes de R&amp;D pour booster et acc\u00e9l\u00e9rer vos innovations. D\u00e9couvrez le voilier le plus rapide du monde !\" \/>\n<meta name=\"robots\" content=\"index, follow, max-snippet:-1, max-image-preview:large, max-video-preview:-1\" \/>\n<link rel=\"canonical\" href=\"https:\/\/lhydroptere.com\/en\/lhydroptere\/\" \/>\n<meta property=\"og:locale\" content=\"en_US\" \/>\n<meta property=\"og:type\" content=\"article\" \/>\n<meta property=\"og:title\" content=\"L&#039;Hydropt\u00e8re - L&#039;Hydroptere 2.0\" \/>\n<meta property=\"og:description\" content=\"L&#039;HYDROPTERE 2.0 vous propose ses plateformes de R&amp;D pour booster et acc\u00e9l\u00e9rer vos innovations. D\u00e9couvrez le voilier le plus rapide du monde !\" \/>\n<meta property=\"og:url\" content=\"https:\/\/lhydroptere.com\/en\/lhydroptere\/\" \/>\n<meta property=\"og:site_name\" content=\"L&#039;Hydroptere 2.0\" \/>\n<meta property=\"article:publisher\" content=\"https:\/\/www.facebook.com\/lhydroptere\/\" \/>\n<meta property=\"article:modified_time\" content=\"2025-06-22T10:39:57+00:00\" \/>\n<meta property=\"og:image\" content=\"https:\/\/lhydroptere.com\/wp-content\/uploads\/2024\/01\/Hydroptere-Foils-Speed-Boat-Records-Trimaran.svg\" \/>\n<meta name=\"twitter:card\" content=\"summary_large_image\" \/>\n<meta name=\"twitter:label1\" content=\"Est. reading time\" \/>\n\t<meta name=\"twitter:data1\" content=\"8 minutes\" \/>\n<script type=\"application\/ld+json\" class=\"yoast-schema-graph\">{\"@context\":\"https:\/\/schema.org\",\"@graph\":[{\"@type\":\"WebPage\",\"@id\":\"https:\/\/lhydroptere.com\/lhydroptere\/\",\"url\":\"https:\/\/lhydroptere.com\/lhydroptere\/\",\"name\":\"L'Hydropt\u00e8re - L&#039;Hydroptere 2.0\",\"isPartOf\":{\"@id\":\"https:\/\/lhydroptere.com\/#website\"},\"datePublished\":\"2023-01-27T14:24:26+00:00\",\"dateModified\":\"2025-06-22T10:39:57+00:00\",\"description\":\"L'HYDROPTERE 2.0 vous propose ses plateformes de R&D pour booster et acc\u00e9l\u00e9rer vos innovations. D\u00e9couvrez le voilier le plus rapide du monde !\",\"breadcrumb\":{\"@id\":\"https:\/\/lhydroptere.com\/lhydroptere\/#breadcrumb\"},\"inLanguage\":\"en-US\",\"potentialAction\":[{\"@type\":\"ReadAction\",\"target\":[\"https:\/\/lhydroptere.com\/lhydroptere\/\"]}]},{\"@type\":\"BreadcrumbList\",\"@id\":\"https:\/\/lhydroptere.com\/lhydroptere\/#breadcrumb\",\"itemListElement\":[{\"@type\":\"ListItem\",\"position\":1,\"name\":\"Accueil\",\"item\":\"https:\/\/lhydroptere.com\/\"},{\"@type\":\"ListItem\",\"position\":2,\"name\":\"L&rsquo;Hydropt\u00e8re\"}]},{\"@type\":\"WebSite\",\"@id\":\"https:\/\/lhydroptere.com\/#website\",\"url\":\"https:\/\/lhydroptere.com\/\",\"name\":\"L'Hydroptere 2.0\",\"description\":\"\",\"publisher\":{\"@id\":\"https:\/\/lhydroptere.com\/#organization\"},\"potentialAction\":[{\"@type\":\"SearchAction\",\"target\":{\"@type\":\"EntryPoint\",\"urlTemplate\":\"https:\/\/lhydroptere.com\/?s={search_term_string}\"},\"query-input\":\"required name=search_term_string\"}],\"inLanguage\":\"en-US\"},{\"@type\":\"Organization\",\"@id\":\"https:\/\/lhydroptere.com\/#organization\",\"name\":\"L'Hydroptere 2.0\",\"url\":\"https:\/\/lhydroptere.com\/\",\"logo\":{\"@type\":\"ImageObject\",\"inLanguage\":\"en-US\",\"@id\":\"https:\/\/lhydroptere.com\/#\/schema\/logo\/image\/\",\"url\":\"https:\/\/lhydroptere.com\/wp-content\/uploads\/2023\/01\/Fichier-32.png\",\"contentUrl\":\"https:\/\/lhydroptere.com\/wp-content\/uploads\/2023\/01\/Fichier-32.png\",\"width\":194,\"height\":194,\"caption\":\"L'Hydroptere 2.0\"},\"image\":{\"@id\":\"https:\/\/lhydroptere.com\/#\/schema\/logo\/image\/\"},\"sameAs\":[\"https:\/\/www.facebook.com\/lhydroptere\/\",\"https:\/\/www.linkedin.com\/company\/lhydroptere\/\",\"https:\/\/www.instagram.com\/lhydroptere\/\"]}]}<\/script>\n<!-- \/ Yoast SEO plugin. -->","yoast_head_json":{"title":"L'Hydropt\u00e8re - L&#039;Hydroptere 2.0","description":"L'HYDROPTERE 2.0 vous propose ses plateformes de R&D pour booster et acc\u00e9l\u00e9rer vos innovations. D\u00e9couvrez le voilier le plus rapide du monde !","robots":{"index":"index","follow":"follow","max-snippet":"max-snippet:-1","max-image-preview":"max-image-preview:large","max-video-preview":"max-video-preview:-1"},"canonical":"https:\/\/lhydroptere.com\/en\/lhydroptere\/","og_locale":"en_US","og_type":"article","og_title":"L'Hydropt\u00e8re - L&#039;Hydroptere 2.0","og_description":"L'HYDROPTERE 2.0 vous propose ses plateformes de R&D pour booster et acc\u00e9l\u00e9rer vos innovations. D\u00e9couvrez le voilier le plus rapide du monde !","og_url":"https:\/\/lhydroptere.com\/en\/lhydroptere\/","og_site_name":"L&#039;Hydroptere 2.0","article_publisher":"https:\/\/www.facebook.com\/lhydroptere\/","article_modified_time":"2025-06-22T10:39:57+00:00","og_image":[{"url":"https:\/\/lhydroptere.com\/wp-content\/uploads\/2024\/01\/Hydroptere-Foils-Speed-Boat-Records-Trimaran.svg"}],"twitter_card":"summary_large_image","twitter_misc":{"Est. reading time":"8 minutes"},"schema":{"@context":"https:\/\/schema.org","@graph":[{"@type":"WebPage","@id":"https:\/\/lhydroptere.com\/lhydroptere\/","url":"https:\/\/lhydroptere.com\/lhydroptere\/","name":"L'Hydropt\u00e8re - L&#039;Hydroptere 2.0","isPartOf":{"@id":"https:\/\/lhydroptere.com\/#website"},"datePublished":"2023-01-27T14:24:26+00:00","dateModified":"2025-06-22T10:39:57+00:00","description":"L'HYDROPTERE 2.0 vous propose ses plateformes de R&D pour booster et acc\u00e9l\u00e9rer vos innovations. D\u00e9couvrez le voilier le plus rapide du monde !","breadcrumb":{"@id":"https:\/\/lhydroptere.com\/lhydroptere\/#breadcrumb"},"inLanguage":"en-US","potentialAction":[{"@type":"ReadAction","target":["https:\/\/lhydroptere.com\/lhydroptere\/"]}]},{"@type":"BreadcrumbList","@id":"https:\/\/lhydroptere.com\/lhydroptere\/#breadcrumb","itemListElement":[{"@type":"ListItem","position":1,"name":"Accueil","item":"https:\/\/lhydroptere.com\/"},{"@type":"ListItem","position":2,"name":"L&rsquo;Hydropt\u00e8re"}]},{"@type":"WebSite","@id":"https:\/\/lhydroptere.com\/#website","url":"https:\/\/lhydroptere.com\/","name":"L'Hydroptere 2.0","description":"","publisher":{"@id":"https:\/\/lhydroptere.com\/#organization"},"potentialAction":[{"@type":"SearchAction","target":{"@type":"EntryPoint","urlTemplate":"https:\/\/lhydroptere.com\/?s={search_term_string}"},"query-input":"required name=search_term_string"}],"inLanguage":"en-US"},{"@type":"Organization","@id":"https:\/\/lhydroptere.com\/#organization","name":"L'Hydroptere 2.0","url":"https:\/\/lhydroptere.com\/","logo":{"@type":"ImageObject","inLanguage":"en-US","@id":"https:\/\/lhydroptere.com\/#\/schema\/logo\/image\/","url":"https:\/\/lhydroptere.com\/wp-content\/uploads\/2023\/01\/Fichier-32.png","contentUrl":"https:\/\/lhydroptere.com\/wp-content\/uploads\/2023\/01\/Fichier-32.png","width":194,"height":194,"caption":"L'Hydroptere 2.0"},"image":{"@id":"https:\/\/lhydroptere.com\/#\/schema\/logo\/image\/"},"sameAs":["https:\/\/www.facebook.com\/lhydroptere\/","https:\/\/www.linkedin.com\/company\/lhydroptere\/","https:\/\/www.instagram.com\/lhydroptere\/"]}]}},"_links":{"self":[{"href":"https:\/\/lhydroptere.com\/en\/wp-json\/wp\/v2\/pages\/38","targetHints":{"allow":["GET"]}}],"collection":[{"href":"https:\/\/lhydroptere.com\/en\/wp-json\/wp\/v2\/pages"}],"about":[{"href":"https:\/\/lhydroptere.com\/en\/wp-json\/wp\/v2\/types\/page"}],"author":[{"embeddable":true,"href":"https:\/\/lhydroptere.com\/en\/wp-json\/wp\/v2\/users\/2"}],"replies":[{"embeddable":true,"href":"https:\/\/lhydroptere.com\/en\/wp-json\/wp\/v2\/comments?post=38"}],"version-history":[{"count":26,"href":"https:\/\/lhydroptere.com\/en\/wp-json\/wp\/v2\/pages\/38\/revisions"}],"predecessor-version":[{"id":7291,"href":"https:\/\/lhydroptere.com\/en\/wp-json\/wp\/v2\/pages\/38\/revisions\/7291"}],"wp:attachment":[{"href":"https:\/\/lhydroptere.com\/en\/wp-json\/wp\/v2\/media?parent=38"}],"curies":[{"name":"wp","href":"https:\/\/api.w.org\/{rel}","templated":true}]}}