{"id":7048,"date":"2025-06-19T11:36:46","date_gmt":"2025-06-19T09:36:46","guid":{"rendered":"https:\/\/lhydroptere.com\/?page_id=7048"},"modified":"2025-06-20T15:43:31","modified_gmt":"2025-06-20T13:43:31","slug":"entreprise_lhydroptere_2-0","status":"publish","type":"page","link":"https:\/\/lhydroptere.com\/en\/entreprise_lhydroptere_2-0\/","title":{"rendered":"The company"},"content":{"rendered":"<div id='section1communication'  class='avia-section av-mc3bogdu-019d33df906ccb43a2594c99115b3d21 main_color avia-section-default avia-no-border-styling  avia-builder-el-0  el_before_av_section  avia-builder-el-first  section1full avia-bg-style-scroll container_wrap fullsize'  ><div class='container av-section-cont-open' ><main  role=\"main\" itemprop=\"mainContentOfPage\"  class='template-page content  av-content-full alpha units'><div class='post-entry post-entry-type-page post-entry-7048'><div class='entry-content-wrapper clearfix'>\n<div class='flex_column av-qvqyyw-7e1ba4ff4195f911c9515d07ca3ae166 av_one_full  avia-builder-el-1  avia-builder-el-no-sibling  first flex_column_div'     ><br \/>\n<section  class='av_textblock_section av-mc3bt2ys-fc9f37df6239392cc8024fff475e6216'  itemscope=\"itemscope\" itemtype=\"https:\/\/schema.org\/CreativeWork\" ><div class='avia_textblock white'  itemprop=\"text\" ><p>L&rsquo;entreprise L&rsquo;HYDROPTERE 2.0 a \u00e9t\u00e9 cr\u00e9\u00e9e en 2021 afin de <strong>contribuer \u00e0 la r\u00e9novation et la pr\u00e9servation de L&rsquo;Hydropt\u00e8re.<\/strong> Elle permet de mener \u00e0 son bord des activit\u00e9s commerciales pour le faire vivre et financer son entretien. Son r\u00f4le est <strong>compl\u00e9mentaire<\/strong> \u00e0 celui de l&rsquo;association Des Voiles et des Ailes.<\/p>\n<p>Les activit\u00e9s de l&rsquo;entreprise L&rsquo;HYDROPTERE 2.0 sont:<\/p>\n<p><strong>-> Communication<\/strong> (votre logo sur L&rsquo;Hydropt\u00e8re!)<\/p>\n<p><strong>-> Relations Publiques &#038; S\u00e9minaires<\/strong> (Naviguer sur L&rsquo;Hydropt\u00e8re)<\/p>\n<p><strong>-> Accueil de projets de R&#038;D<\/strong> (recherche et d\u00e9veloppement) sur L&rsquo;Hydropt\u00e8re<\/p>\n<p><strong>-> <\/strong>Porter des projets de <strong>R&#038;D pour la transition \u00e9nerg\u00e9tique<\/strong><\/p>\n<\/div><\/section><\/p><\/div>\n\n<\/div><\/div><\/main><!-- close content main element --><\/div><\/div><div id='av_section_2'  class='avia-section av-7t2dp-020b45d7dd529b1648a6658b85c47159 main_color avia-section-default avia-no-border-styling  avia-builder-el-4  el_after_av_section  el_before_av_section  avia-bg-style-scroll container_wrap fullsize'  ><div class='container av-section-cont-open' ><div class='template-page content  av-content-full alpha units'><div class='post-entry post-entry-type-page post-entry-7048'><div class='entry-content-wrapper clearfix'>\n<div class='flex_column av-7gh51-01e5bff0310fac8e45dbf881ab237f2b av_one_full  avia-builder-el-5  avia-builder-el-no-sibling  first flex_column_div av-animated-generic left-to-right'     ><br \/>\n<br \/>\n<\/p><\/div>\n\n<\/div><\/div><\/div><!-- close content main div --><\/div><\/div><div id='sectiondroiteimgabs'  class='avia-section av-ldk1lvmw-f7d87dfe8ce5baced4dfe9bfe745e618 main_color avia-section-default avia-no-border-styling  avia-builder-el-9  el_after_av_section  el_before_av_section  avia-bg-style-scroll container_wrap fullsize'  ><div class='container av-section-cont-open' ><div class='template-page content  av-content-full alpha units'><div class='post-entry post-entry-type-page post-entry-7048'><div class='entry-content-wrapper clearfix'>\n<div class='flex_column av-ldu37vqw-b88ea4971aae000e0bd28f5b2c07379f av_one_half  avia-builder-el-10  el_before_av_one_half  avia-builder-el-first  colonnecacheemobile first flex_column_div'     ><\/div><div class='flex_column av-35dt1-5cd0cf5680f620ed727e9f29cb4883e2 av_one_half  avia-builder-el-11  el_after_av_one_half  avia-builder-el-last  test flex_column_div av-animated-generic right-to-left'     ><br \/>\n<section  class='av_textblock_section av-22g15-ee8ee40e194a388f78e4584f488ac0eb'  itemscope=\"itemscope\" itemtype=\"https:\/\/schema.org\/CreativeWork\" ><div class='avia_textblock'  itemprop=\"text\" ><p><span style=\"font-weight: 400;\">L&rsquo;HYDROPTERE 2.0 vous permet d\u2019embarquer vos projets de R&#038;D (Recherche et D\u00e9veloppement) \u00e0 bord de <strong>2 plateformes d&rsquo;essais 0 \u00e9mission<\/strong>: L\u2019Hydropt\u00e8re et L\u2019Hydropt\u00e8re.ch.<\/span><\/p>\n<p><span style=\"font-weight: 400;\">Our platforms allow innovations to be tested, developed and matured under more or less extreme real-life conditions.<\/span><\/p>\n<p>Our assets: 0 emission, responsiveness, controlled costs, a stimulating working environment and a worldwide visibility for your innovations.<\/p>\n<\/div><\/section><\/p><\/div>\n\n<\/div><\/div><\/div><!-- close content main div --><\/div><\/div><div id='sectionimgabs'  class='avia-section av-r8sx-11fa8089fd61bf725e265d648cf1a4f9 main_color avia-section-default avia-no-border-styling  avia-builder-el-14  el_after_av_section  el_before_av_section  fondvoilier avia-bg-style-scroll container_wrap fullsize'  ><div class='container av-section-cont-open' ><div class='template-page content  av-content-full alpha units'><div class='post-entry post-entry-type-page post-entry-7048'><div class='entry-content-wrapper clearfix'>\n<div class='flex_column av-3u9vd-d8e1b289e2e9f7a7fd2929167d2ad19d av_one_half  avia-builder-el-15  avia-builder-el-no-sibling  first flex_column_div av-animated-generic left-to-right'     ><\/div>\n\n<\/div><\/div><\/div><!-- close content main div --><\/div><\/div><div id='sectiondroiteimgabs'  class='avia-section av-4zjzd-d3716de7975f606357ae0ee445564913 main_color avia-section-default avia-no-border-styling  avia-builder-el-17  el_after_av_section  el_before_av_section  avia-bg-style-scroll container_wrap fullsize'  ><div class='container av-section-cont-open' ><div class='template-page content  av-content-full alpha units'><div class='post-entry post-entry-type-page post-entry-7048'><div class='entry-content-wrapper clearfix'>\n<div class='flex_column av-4eebx-87ab83d4836276a50b2d9a88b41e25d9 av_one_half  avia-builder-el-18  el_before_av_one_half  avia-builder-el-first  test first flex_column_div av-animated-generic left-to-right'     ><br \/>\n<section  class='av_textblock_section av-43ybt-7dd71e22e9cbfd6da55716be82637a9a'  itemscope=\"itemscope\" itemtype=\"https:\/\/schema.org\/CreativeWork\" ><div class='avia_textblock'  itemprop=\"text\" ><p>L\u2019HYDROPTERE 2.0 s&rsquo;associe avec des entreprises, des laboratoires de recherche, des \u00e9coles et universit\u00e9s pour construire ensemble des projets innovants qui apportent des solutions \u00e0 la transition \u00e9nerg\u00e9tique.<\/p>\n<\/div><\/section><br \/>\n<\/p><\/div><div class='flex_column av-34fjp-83ae2760aebdae17e65df6a9bc7a1b63 av_one_half  avia-builder-el-22  el_after_av_one_half  avia-builder-el-last  test flex_column_div'     ><\/div>\n\n<\/div><\/div><\/div><!-- close content main div --><\/div><\/div><div id='sectionimgabs2'  class='avia-section av-ldvpjfq4-82850a5b8e8e12d91bfc84ccaf49e971 main_color avia-section-default avia-no-border-styling  avia-builder-el-23  el_after_av_section  el_before_av_section  fond20 invalid-custom-class-found avia-bg-style-scroll container_wrap fullsize'  ><div class='container av-section-cont-open' ><div class='template-page content  av-content-full alpha units'><div class='post-entry post-entry-type-page post-entry-7048'><div class='entry-content-wrapper clearfix'>\n<div class='flex_column av-2xc2h-0dc3f5dabf0bf4f0bab930acb2b2791c av_one_half  avia-builder-el-24  el_before_av_one_half  avia-builder-el-first  test first flex_column_div'     ><\/div><div class='flex_column av-72yd-6f213a0056d1d5b10417686a83dc5da3 av_one_half  avia-builder-el-25  el_after_av_one_half  avia-builder-el-last  flex_column_div av-animated-generic right-to-left'     ><\/div>\n\n<\/div><\/div><\/div><!-- close content main div --><\/div><\/div><div id='sectiondegrade'  class='avia-section av-ldu5a96j-0645166ba1b17dc77cb3b450fe7b7576 main_color avia-section-default avia-no-border-styling  avia-builder-el-27  el_after_av_section  el_before_av_section  avia-bg-style-scroll container_wrap fullsize'  ><div class='container av-section-cont-open' ><div class='template-page content  av-content-full alpha units'><div class='post-entry post-entry-type-page post-entry-7048'><div class='entry-content-wrapper clearfix'>\n<div class='flex_column av-lducy2zs-0eb0929bd187bb00f2989e13b587249b av_one_full  avia-builder-el-28  avia-builder-el-no-sibling  first flex_column_div'     ><br \/>\n<\/p><\/div>\n\n<\/div><\/div><\/div><!-- close content main div --><\/div><\/div><div id='av_section_8'  class='avia-section av-74q9-49de39e326b18fecb10064778f6b00e9 main_color avia-section-default avia-no-border-styling  avia-builder-el-31  el_after_av_section  avia-builder-el-last  sectionfooter avia-bg-style-scroll container_wrap fullsize'  ><div class='container av-section-cont-open' ><div class='template-page content  av-content-full alpha units'><div class='post-entry post-entry-type-page post-entry-7048'><div class='entry-content-wrapper clearfix'>\n<div class='flex_column av-1b0zt-8f870baa88046c7eaba878acb35493a6 av_one_full  avia-builder-el-32  avia-builder-el-no-sibling  first flex_column_div'     ><\/div>","protected":false},"excerpt":{"rendered":"","protected":false},"author":2,"featured_media":0,"parent":0,"menu_order":0,"comment_status":"closed","ping_status":"closed","template":"","meta":{"inline_featured_image":false,"footnotes":""},"class_list":["post-7048","page","type-page","status-publish","hentry"],"yoast_head":"<!-- This site is optimized with the Yoast SEO plugin v20.5 - https:\/\/yoast.com\/wordpress\/plugins\/seo\/ -->\n<title>L&#039;Hydroptere 2.0<\/title>\n<meta name=\"description\" content=\"Mettez le logo de votre entreprise sur L&#039;Hydropt\u00e8re ou\/et embarquez \u00e0 son bord des campagnes de R&amp;D pour booster vos innovations.\" \/>\n<meta name=\"robots\" content=\"index, follow, max-snippet:-1, max-image-preview:large, max-video-preview:-1\" \/>\n<link rel=\"canonical\" href=\"https:\/\/lhydroptere.com\/en\/entreprise_lhydroptere_2-0\/\" \/>\n<meta property=\"og:locale\" content=\"en_US\" \/>\n<meta property=\"og:type\" content=\"article\" \/>\n<meta property=\"og:title\" content=\"L&#039;Hydroptere 2.0\" \/>\n<meta property=\"og:description\" content=\"Mettez le logo de votre entreprise sur L&#039;Hydropt\u00e8re ou\/et embarquez \u00e0 son bord des campagnes de R&amp;D pour booster vos innovations.\" \/>\n<meta property=\"og:url\" content=\"https:\/\/lhydroptere.com\/en\/entreprise_lhydroptere_2-0\/\" \/>\n<meta property=\"og:site_name\" content=\"L&#039;Hydroptere 2.0\" \/>\n<meta property=\"article:publisher\" content=\"https:\/\/www.facebook.com\/lhydroptere\/\" \/>\n<meta property=\"article:modified_time\" content=\"2025-06-20T13:43:31+00:00\" \/>\n<meta property=\"og:image\" content=\"https:\/\/lhydroptere.com\/wp-content\/uploads\/2024\/01\/Hydroptere-Trimaran-Foils-Speed-Boat-2.svg\" \/>\n<meta name=\"twitter:card\" content=\"summary_large_image\" \/>\n<meta name=\"twitter:label1\" content=\"Est. reading time\" \/>\n\t<meta name=\"twitter:data1\" content=\"14 minutes\" \/>\n<script type=\"application\/ld+json\" class=\"yoast-schema-graph\">{\"@context\":\"https:\/\/schema.org\",\"@graph\":[{\"@type\":\"WebPage\",\"@id\":\"https:\/\/lhydroptere.com\/entreprise_lhydroptere_2-0\/\",\"url\":\"https:\/\/lhydroptere.com\/entreprise_lhydroptere_2-0\/\",\"name\":\"L&#039;Hydroptere 2.0\",\"isPartOf\":{\"@id\":\"https:\/\/lhydroptere.com\/#website\"},\"datePublished\":\"2025-06-19T09:36:46+00:00\",\"dateModified\":\"2025-06-20T13:43:31+00:00\",\"description\":\"Mettez le logo de votre entreprise sur L'Hydropt\u00e8re ou\/et embarquez \u00e0 son bord des campagnes de R&D pour booster vos innovations.\",\"breadcrumb\":{\"@id\":\"https:\/\/lhydroptere.com\/entreprise_lhydroptere_2-0\/#breadcrumb\"},\"inLanguage\":\"en-US\",\"potentialAction\":[{\"@type\":\"ReadAction\",\"target\":[\"https:\/\/lhydroptere.com\/entreprise_lhydroptere_2-0\/\"]}]},{\"@type\":\"BreadcrumbList\",\"@id\":\"https:\/\/lhydroptere.com\/entreprise_lhydroptere_2-0\/#breadcrumb\",\"itemListElement\":[{\"@type\":\"ListItem\",\"position\":1,\"name\":\"Accueil\",\"item\":\"https:\/\/lhydroptere.com\/\"},{\"@type\":\"ListItem\",\"position\":2,\"name\":\"L&rsquo;entreprise\"}]},{\"@type\":\"WebSite\",\"@id\":\"https:\/\/lhydroptere.com\/#website\",\"url\":\"https:\/\/lhydroptere.com\/\",\"name\":\"L'Hydroptere 2.0\",\"description\":\"\",\"publisher\":{\"@id\":\"https:\/\/lhydroptere.com\/#organization\"},\"potentialAction\":[{\"@type\":\"SearchAction\",\"target\":{\"@type\":\"EntryPoint\",\"urlTemplate\":\"https:\/\/lhydroptere.com\/?s={search_term_string}\"},\"query-input\":\"required name=search_term_string\"}],\"inLanguage\":\"en-US\"},{\"@type\":\"Organization\",\"@id\":\"https:\/\/lhydroptere.com\/#organization\",\"name\":\"L'Hydroptere 2.0\",\"url\":\"https:\/\/lhydroptere.com\/\",\"logo\":{\"@type\":\"ImageObject\",\"inLanguage\":\"en-US\",\"@id\":\"https:\/\/lhydroptere.com\/#\/schema\/logo\/image\/\",\"url\":\"https:\/\/lhydroptere.com\/wp-content\/uploads\/2023\/01\/Fichier-32.png\",\"contentUrl\":\"https:\/\/lhydroptere.com\/wp-content\/uploads\/2023\/01\/Fichier-32.png\",\"width\":194,\"height\":194,\"caption\":\"L'Hydroptere 2.0\"},\"image\":{\"@id\":\"https:\/\/lhydroptere.com\/#\/schema\/logo\/image\/\"},\"sameAs\":[\"https:\/\/www.facebook.com\/lhydroptere\/\",\"https:\/\/www.linkedin.com\/company\/lhydroptere\/\",\"https:\/\/www.instagram.com\/lhydroptere\/\"]}]}<\/script>\n<!-- \/ Yoast SEO plugin. -->","yoast_head_json":{"title":"L&#039;Hydroptere 2.0","description":"Mettez le logo de votre entreprise sur L'Hydropt\u00e8re ou\/et embarquez \u00e0 son bord des campagnes de R&D pour booster vos innovations.","robots":{"index":"index","follow":"follow","max-snippet":"max-snippet:-1","max-image-preview":"max-image-preview:large","max-video-preview":"max-video-preview:-1"},"canonical":"https:\/\/lhydroptere.com\/en\/entreprise_lhydroptere_2-0\/","og_locale":"en_US","og_type":"article","og_title":"L&#039;Hydroptere 2.0","og_description":"Mettez le logo de votre entreprise sur L'Hydropt\u00e8re ou\/et embarquez \u00e0 son bord des campagnes de R&D pour booster vos innovations.","og_url":"https:\/\/lhydroptere.com\/en\/entreprise_lhydroptere_2-0\/","og_site_name":"L&#039;Hydroptere 2.0","article_publisher":"https:\/\/www.facebook.com\/lhydroptere\/","article_modified_time":"2025-06-20T13:43:31+00:00","og_image":[{"url":"https:\/\/lhydroptere.com\/wp-content\/uploads\/2024\/01\/Hydroptere-Trimaran-Foils-Speed-Boat-2.svg"}],"twitter_card":"summary_large_image","twitter_misc":{"Est. reading time":"14 minutes"},"schema":{"@context":"https:\/\/schema.org","@graph":[{"@type":"WebPage","@id":"https:\/\/lhydroptere.com\/entreprise_lhydroptere_2-0\/","url":"https:\/\/lhydroptere.com\/entreprise_lhydroptere_2-0\/","name":"L&#039;Hydroptere 2.0","isPartOf":{"@id":"https:\/\/lhydroptere.com\/#website"},"datePublished":"2025-06-19T09:36:46+00:00","dateModified":"2025-06-20T13:43:31+00:00","description":"Mettez le logo de votre entreprise sur L'Hydropt\u00e8re ou\/et embarquez \u00e0 son bord des campagnes de R&D pour booster vos innovations.","breadcrumb":{"@id":"https:\/\/lhydroptere.com\/entreprise_lhydroptere_2-0\/#breadcrumb"},"inLanguage":"en-US","potentialAction":[{"@type":"ReadAction","target":["https:\/\/lhydroptere.com\/entreprise_lhydroptere_2-0\/"]}]},{"@type":"BreadcrumbList","@id":"https:\/\/lhydroptere.com\/entreprise_lhydroptere_2-0\/#breadcrumb","itemListElement":[{"@type":"ListItem","position":1,"name":"Accueil","item":"https:\/\/lhydroptere.com\/"},{"@type":"ListItem","position":2,"name":"L&rsquo;entreprise"}]},{"@type":"WebSite","@id":"https:\/\/lhydroptere.com\/#website","url":"https:\/\/lhydroptere.com\/","name":"L'Hydroptere 2.0","description":"","publisher":{"@id":"https:\/\/lhydroptere.com\/#organization"},"potentialAction":[{"@type":"SearchAction","target":{"@type":"EntryPoint","urlTemplate":"https:\/\/lhydroptere.com\/?s={search_term_string}"},"query-input":"required name=search_term_string"}],"inLanguage":"en-US"},{"@type":"Organization","@id":"https:\/\/lhydroptere.com\/#organization","name":"L'Hydroptere 2.0","url":"https:\/\/lhydroptere.com\/","logo":{"@type":"ImageObject","inLanguage":"en-US","@id":"https:\/\/lhydroptere.com\/#\/schema\/logo\/image\/","url":"https:\/\/lhydroptere.com\/wp-content\/uploads\/2023\/01\/Fichier-32.png","contentUrl":"https:\/\/lhydroptere.com\/wp-content\/uploads\/2023\/01\/Fichier-32.png","width":194,"height":194,"caption":"L'Hydroptere 2.0"},"image":{"@id":"https:\/\/lhydroptere.com\/#\/schema\/logo\/image\/"},"sameAs":["https:\/\/www.facebook.com\/lhydroptere\/","https:\/\/www.linkedin.com\/company\/lhydroptere\/","https:\/\/www.instagram.com\/lhydroptere\/"]}]}},"_links":{"self":[{"href":"https:\/\/lhydroptere.com\/en\/wp-json\/wp\/v2\/pages\/7048","targetHints":{"allow":["GET"]}}],"collection":[{"href":"https:\/\/lhydroptere.com\/en\/wp-json\/wp\/v2\/pages"}],"about":[{"href":"https:\/\/lhydroptere.com\/en\/wp-json\/wp\/v2\/types\/page"}],"author":[{"embeddable":true,"href":"https:\/\/lhydroptere.com\/en\/wp-json\/wp\/v2\/users\/2"}],"replies":[{"embeddable":true,"href":"https:\/\/lhydroptere.com\/en\/wp-json\/wp\/v2\/comments?post=7048"}],"version-history":[{"count":23,"href":"https:\/\/lhydroptere.com\/en\/wp-json\/wp\/v2\/pages\/7048\/revisions"}],"predecessor-version":[{"id":7229,"href":"https:\/\/lhydroptere.com\/en\/wp-json\/wp\/v2\/pages\/7048\/revisions\/7229"}],"wp:attachment":[{"href":"https:\/\/lhydroptere.com\/en\/wp-json\/wp\/v2\/media?parent=7048"}],"curies":[{"name":"wp","href":"https:\/\/api.w.org\/{rel}","templated":true}]}}