{"id":963,"date":"2023-04-11T12:59:30","date_gmt":"2023-04-11T10:59:30","guid":{"rendered":"https:\/\/lhydroptere.com\/?page_id=963"},"modified":"2023-04-26T14:04:59","modified_gmt":"2023-04-26T12:04:59","slug":"politique-de-confidentialite","status":"publish","type":"page","link":"https:\/\/lhydroptere.com\/en\/politique-de-confidentialite\/","title":{"rendered":"Privacy policy"},"content":{"rendered":"<div id='av_section_1'  class='avia-section av-lgc5ph8a-51d0802acd6ce13cd826822e8c1a3014 main_color avia-section-default avia-no-border-styling  avia-builder-el-0  el_before_av_section  avia-builder-el-first  section1full legalpage avia-bg-style-scroll container_wrap fullsize'  ><div class='container av-section-cont-open' ><main  role=\"main\" itemprop=\"mainContentOfPage\"  class='template-page content  av-content-full alpha units'><div class='post-entry post-entry-type-page post-entry-963'><div class='entry-content-wrapper clearfix'>\n<div class='flex_column av-1uywer-87ea32fb434b6839cf5762ada32360ea av_one_full  avia-builder-el-1  el_before_av_one_full  avia-builder-el-first  first flex_column_div'     ><\/div><div class='flex_column av-1pl3k3-a1556906661e10437c98bf95c7fb1bcd av_one_full  avia-builder-el-3  el_after_av_one_full  el_before_av_one_full  first flex_column_div column-top-margin'     ><br \/>\n<section  class='av_textblock_section av-lgc5l5he-e50723b3b0a8e81fcb53659e274c699e'  itemscope=\"itemscope\" itemtype=\"https:\/\/schema.org\/CreativeWork\" ><div class='avia_textblock'  itemprop=\"text\" ><p>When you access and use the website , <strong>L'HYDROPTERE 2.0 may collect certain personal data about you, i.e. information that relates to you as an individual and that enables <strong>L&rsquo;HYDROPTERE 2.0<\/strong> identify you, either directly (e.g. your first or last name) or indirectly (e.g. the IP address of your browser terminal).<\/strong><\/p>\n<p>This personal data may be collected when you browse the Site, use the contact form, subscribe to the newsletter, create a customer account or place an order.<\/p>\n<p>Your personal data is then subject to automated processing by <strong>L&rsquo;HYDROPTERE 2.0<\/strong>.<\/p>\n<p><strong>L&rsquo;HYDROPTERE 2.0<\/strong> undertakes to process your personal data fairly and lawfully, in compliance with the provisions of Law No. 78-17 of 6 January 1978, as amended, relating to data processing, files and freedoms and Regulation (EU) No. 2016\/679 of 27 April 2016 on the protection of individuals with regard to the processing of personal data and on the free movement of such data, known as the \"General Data Protection Regulation\" (or \"GDPR\").<\/p>\n<p><strong>The purpose of this personal data policy is to inform you of the conditions under which <strong>L&rsquo;HYDROPTERE 2.0<\/strong> processes your personal data, while ensuring their protection.<\/strong><\/p>\n<\/div><\/section><\/p><\/div><div class='flex_column av-1iukuj-8c518e86885272caf84211701667210f av_one_full  avia-builder-el-6  el_after_av_one_full  el_before_av_one_full  first flex_column_div column-top-margin'     ><br \/>\n<section  class='av_textblock_section av-lgc5uwbu-f540b236630efa60f2340e5a2a213e9d'  itemscope=\"itemscope\" itemtype=\"https:\/\/schema.org\/CreativeWork\" ><div class='avia_textblock'  itemprop=\"text\" ><p>The company responsible for processing your personal data collected on the Site is <strong>L&rsquo;HYDROPTERE 2.0<\/strong>.<\/p>\n<\/div><\/section><\/p><\/div><div class='flex_column av-1c9qm3-19d6ddfd2f623a35369c11fbc6b343bc av_one_full  avia-builder-el-9  el_after_av_one_full  el_before_av_one_full  first flex_column_div column-top-margin'     ><br \/>\n<section  class='av_textblock_section av-lgc5werp-50818bf38caeb98643926f2e8ba39bea'  itemscope=\"itemscope\" itemtype=\"https:\/\/schema.org\/CreativeWork\" ><div class='avia_textblock'  itemprop=\"text\" ><p><strong>L&rsquo;HYDROPTERE 2.0<\/strong> may process your first and last name, title, postal address, email address and telephone number.<\/p>\n<\/div><\/section><\/p><\/div><div class='flex_column av-1911zv-9bb85ff0f1e2cd27959770b2fbc4624c av_one_full  avia-builder-el-12  el_after_av_one_full  el_before_av_one_full  first flex_column_div column-top-margin'     ><br \/>\n<section  class='av_textblock_section av-lgc5x7ey-ab540f64fb411f6803d9e18f03f29a4c'  itemscope=\"itemscope\" itemtype=\"https:\/\/schema.org\/CreativeWork\" ><div class='avia_textblock'  itemprop=\"text\" ><p><strong>L&rsquo;HYDROPTERE 2.0<\/strong> collects the personal data you voluntarily provide, including when :<\/p>\n<p>- You fill in a contact request form;<\/p>\n<p>- You place an order for products.<\/p>\n<p>The fields marked with an asterisk (*) on the forms used to collect your personal data on the Site are mandatory. <strong>L&rsquo;HYDROPTERE 2.0<\/strong> draws your attention to the fact that if you do not provide this data, you will not be able to benefit from the services offered on the Site.<\/p>\n<p>When you provide personal data on the Site concerning persons other than yourself, you warrant that you have received the necessary authorisations and consents from the persons concerned by this personal data.<\/p>\n<p>Other information of a technical nature concerning the consultation of the Site or its functionalities, in particular the IP address of your navigation terminal, is collected automatically as a result of your actions on the Site via cookies. You will find information on cookies below.<\/p>\n<\/div><\/section><\/p><\/div><div class='flex_column av-120sz7-52a6d91b2f66eab8abde2d2b76020448 av_one_full  avia-builder-el-15  el_after_av_one_full  el_before_av_one_full  first flex_column_div column-top-margin'     ><br \/>\n<section  class='av_textblock_section av-lgc5xvul-da1e2034a5aa190bbb6e5355f4e7bea4'  itemscope=\"itemscope\" itemtype=\"https:\/\/schema.org\/CreativeWork\" ><div class='avia_textblock'  itemprop=\"text\" ><p>On each of the following legal bases, <strong>L&rsquo;HYDROPTERE 2.0<\/strong> processes your personal data for the following purposes:<\/p>\n<p>- For the purpose of performing a contract with <strong>L&rsquo;HYDROPTERE 2.0<\/strong> or pre-contractual measures taken at your request, your personal data are processed for the purposes of :<\/p>\n<p>- Manage customer relations: management of customer accounts, orders, payment transactions, deliveries, invoices, accounting, customer relations, complaints, outstanding payments and litigation;<\/p>\n<p>- Manage your requests to exercise your rights over your personal data<\/p>\n<p>On the basis of the legitimate interest of <strong>L&rsquo;HYDROPTERE 2.0<\/strong> to improve the quality of its products and the Site, your personal data is processed for the purposes of :<\/p>\n<p>- Carry out statistics, analysis, prospecting, selection and segmentation of customers in order to improve customer knowledge;<\/p>\n<p>- Set up competitions and advertising games.<\/p>\n<p>On the basis of the consent you have given to <strong>L&rsquo;HYDROPTERE 2.0<\/strong> in this sense, your personal data are processed for the purpose of :<\/p>\n<p>- To send you the newsletter and commercial offers;<\/p>\n<p>- To personalize the Site according to your affinities and to measure its frequentation.<\/p>\n<\/div><\/section><\/p><\/div><div class='flex_column av-wm617-38398d414e7a370f8c935118570a64be av_one_full  avia-builder-el-18  el_after_av_one_full  el_before_av_one_full  first flex_column_div column-top-margin'     ><br \/>\n<section  class='av_textblock_section av-lgc5ym9c-8215d42a20c71efab84243939ff6922c'  itemscope=\"itemscope\" itemtype=\"https:\/\/schema.org\/CreativeWork\" ><div class='avia_textblock'  itemprop=\"text\" ><p>The recipient of your personal data is the company <strong>L&rsquo;HYDROPTERE 2.0<\/strong>.<\/p>\n<p><strong>L&rsquo;HYDROPTERE 2.0<\/strong> may also transmit your personal data to subcontractors who process them on its behalf and according to its instructions. These subcontractors are in particular<\/p>\n<p>- The banking institution responsible for the secure payment of the products ordered;<\/p>\n<p>- Relay points <strong>L&rsquo;HYDROPTERE 2.0<\/strong> responsible for making available to you the products you have ordered on the Site;<\/p>\n<p>- The external technical providers of <strong>L&rsquo;HYDROPTERE 2.0<\/strong> who are involved in the development, distribution, operation and maintenance of the Site, in particular the developer and the host;<\/p>\n<p>- The external providers of <strong>L&rsquo;HYDROPTERE 2.0<\/strong> to improve your experience when browsing the Site or sending the newsletter.<\/p>\n<p>Finally, <strong>L&rsquo;HYDROPTERE 2.0<\/strong> may be required to communicate your personal data to third parties in application of a law, a regulation, a decision of a regulatory or judicial authority and finally, if necessary, in order to preserve its own rights and interests, in particular in the event of a violation of the General Conditions of Use of the Site.<\/p>\n<\/div><\/section><\/p><\/div><div class='flex_column av-syi2b-0b26fefc21a56ade9321e0d5af365908 av_one_full  avia-builder-el-21  el_after_av_one_full  el_before_av_one_full  first flex_column_div column-top-margin'     ><br \/>\n<section  class='av_textblock_section av-lgc5z3r8-05172f555c87e2869de5f5f128d6fde8'  itemscope=\"itemscope\" itemtype=\"https:\/\/schema.org\/CreativeWork\" ><div class='avia_textblock'  itemprop=\"text\" ><p>No, <strong>L&rsquo;HYDROPTERE 2.0<\/strong> does not and will not transfer your personal data to any country outside the European Union and the European Economic Area that does not ensure an adequate level of protection for personal data.<\/p>\n<\/div><\/section><\/p><\/div><div class='flex_column av-kkafn-b9ba4677a7b2917bd28a004eea7ef60e av_one_full  avia-builder-el-24  el_after_av_one_full  el_before_av_one_full  first flex_column_div column-top-margin'     ><br \/>\n<section  class='av_textblock_section av-lgc5zo10-89a4bfa12589d2e20bbc3c9709d71f6b'  itemscope=\"itemscope\" itemtype=\"https:\/\/schema.org\/CreativeWork\" ><div class='avia_textblock'  itemprop=\"text\" ><p><strong>L&rsquo;HYDROPTERE 2.0<\/strong> keeps your personal data for no longer than is necessary for the purposes for which it was collected, in accordance with the regulations in force.<\/p>\n<p>Personal data relating to prospects who have only made a contact request are kept for 3 years from the date of collection.<\/p>\n<p>Personal data relating to a customer account that has never been used to place an order is kept for 3 years from the last activity recorded on the customer account. After this period, <strong>L&rsquo;HYDROPTERE 2.0<\/strong> reserves the right to delete your account.<\/p>\n<p>Personal data relating to a customer account that has been used to place at least one order is kept for 3 years from the last activity recorded on the customer account, with the exception of documents, accounting vouchers and information used to prove an order for a product on the Site, which are kept for a period of 10 years from the date of their collection, as accounting and tax proof.<\/p>\n<\/div><\/section><\/p><\/div><div class='flex_column av-grb3v-43b8b9f0d925f4ffd0fb8fee83112728 av_one_full  avia-builder-el-27  el_after_av_one_full  el_before_av_one_full  first flex_column_div column-top-margin'     ><br \/>\n<section  class='av_textblock_section av-lgc60lmk-273c1dd5f618fbabf468405c6f594599'  itemscope=\"itemscope\" itemtype=\"https:\/\/schema.org\/CreativeWork\" ><div class='avia_textblock'  itemprop=\"text\" ><p><strong>L&rsquo;HYDROPTERE 2.0<\/strong> informs you that you have the following rights at any time with regard to the personal data it processes concerning you:<\/p>\n<p>- a right of access ;<\/p>\n<p>- a right of rectification;<\/p>\n<p>- a right to erasure;<\/p>\n<p>- a right to restrict processing;<\/p>\n<p>- a right to portability ;<\/p>\n<p>- a right to object to the processing, in particular for commercial prospecting purposes;<\/p>\n<p>- a right to withdraw at any time the consent you may have given when providing certain personal data, without prejudice to the lawfulness of the processing based on your consent until such time as you withdraw it;<\/p>\n<p>- a right to define general or specific directives concerning the conservation, deletion or communication of your personal data after your death.<\/p>\n<p><strong>These rights can be exercised at any time by writing to L'HYDROPTERE 2.0 :<\/strong><\/p>\n<p><strong>\u2013 par courrier \u00e9lectronique : contact@lhydroptere.com<\/strong><\/p>\n<p>You also have the right to lodge a complaint with the Commission Nationale de l'Information et des Libert\u00e9s (the \"CNIL\"):<\/p>\n<p>- or via the Internet at www.cnil.fr.<\/p>\n<\/div><\/section><\/p><\/div><div class='flex_column av-11dnf-c3d14265aac398c777a81e8c4e7e7fee av_one_full  avia-builder-el-30  el_after_av_one_full  avia-builder-el-last  first flex_column_div column-top-margin'     ><br \/>\n<section  class='av_textblock_section av-lgc617ka-2d6bd1f6f7b1151e674a89a7bfb51c32'  itemscope=\"itemscope\" itemtype=\"https:\/\/schema.org\/CreativeWork\" ><div class='avia_textblock'  itemprop=\"text\" ><p>In order to improve the quality of the Site and to facilitate your browsing, information relating to the browsing of your connection terminal (computer, tablet or smartphone) is likely to be recorded in files called \"cookies\" deposited on your terminal, subject to the choices you may have expressed concerning them and which you may modify at any time.<\/p>\n<p>1. What is a cookie?<br \/>\nA cookie is a small text file stored on the hard drive of your browser (your computer, tablet or smartphone) by your browser software when you consult an online service.<\/p>\n<p>The purpose of cookies is to provide you with a quality use and service during your visit and, in this way, to offer you the best possible experience on the Site.<\/p>\n<p>Cookies do not store any sensitive personal data about you, but simply recognise the device you are using to enable <strong>L&rsquo;HYDROPTERE 2.0<\/strong> to understand how you navigate the Site<\/p>\n<p>2. What cookies are used by <strong>L&rsquo;HYDROPTERE 2.0<\/strong> ?<br \/>\nTo make browsing the Site more pleasant and easier for you, but also to get to know you better, <strong>L&rsquo;HYDROPTERE 2.0<\/strong> use different types of cookies.<\/p>\n<p>2.1 Functional cookies<br \/>\nThe purpose of these cookies is to facilitate your browsing on the Site and to allow optimal use of its various functions.<\/p>\n<p>They are essential for the Site and the features that <strong>L&rsquo;HYDROPTERE 2.0<\/strong> The new features are designed to make the website work properly. They also make it more user-friendly and give you a more personalised online experience.<\/p>\n<p>These cookies are used to recognize and remember your preferences and allow <strong>L&rsquo;HYDROPTERE 2.0<\/strong> to :<\/p>\n<p>- Identify you when you log on to the Site, so that you do not have to manually enter your login details on each visit;<\/p>\n<p>- To adapt the presentation of the Site to the display preferences of your browsing terminal (language used, display resolution, operating system used, etc.), according to the hardware and software for viewing or reading that your terminal has;<\/p>\n<p>- Make your searches easier by keeping your automatic searches;<\/p>\n<p>\u2013       Am\u00e9liorer votre exp\u00e9rience utilisateur en pr\u00e9remplissant certains champs des formulaires.<\/p>\n<p>Functional cookies used by <strong>L&rsquo;HYDROPTERE 2.0<\/strong> are those proposed.<\/p>\n<p>2.2 Performance cookies<br \/>\n<strong>L&rsquo;HYDROPTERE 2.0<\/strong> uses performance cookies to analyse the use made of the Site in order to improve its operation.<\/p>\n<p>These cookies make it possible, in particular, to count the number of visitors, to analyse the most visited pages, to record the way you use the Site in order to improve the performance of the Site and its content and to improve your browsing experience.<\/p>\n<p>The performance cookies used by <strong>L&rsquo;HYDROPTERE 2.0<\/strong> are those propose by GOOGLE ANALYTICS.<\/p>\n<p>3. How long are cookies kept?<br \/>\nThe retention period for cookies placed on the Site varies according to their type, but does not exceed a maximum of 13 months from the date of their creation.<\/p>\n<p>4. Who uses the information collected by cookies?<br \/>\nThe information collected by the cookies set up on the Site is used exclusively by <strong>L&rsquo;HYDROPTERE 2.0<\/strong>.<\/p>\n<p>5. How do I accept or reject the deposit of cookies?<br \/>\nYou can express or change your wishes regarding cookies at any time, including withdrawing your consent.<\/p>\n<p>To do this, you must configure your browser software so that cookies are stored in your terminal or, on the contrary, that they are rejected, either systematically or according to their sender.<\/p>\n<p>You can also configure your browser so that you are offered the option of accepting or refusing cookies from time to time, before a cookie is likely to be stored in your terminal.<\/p>\n<p>Each browser has a different configuration for managing cookies. This is described in the help menu of your browser, where you can find out how to change your cookie preferences.<\/p>\n<p>If you delete cookies, however, you may not be able to use certain features of the Site.<\/p>\n<\/div><\/section><\/p><\/div>\n\n<\/div><\/div><\/main><!-- close content main element --><\/div><\/div><div id='av_section_2'  class='avia-section av-av_section-cc2bec05f007edfe58cc52f7b242c88a main_color avia-section-default avia-no-border-styling  avia-builder-el-33  el_after_av_section  avia-builder-el-last  sectionfooter avia-bg-style-scroll container_wrap fullsize'  ><div class='container av-section-cont-open' ><div class='template-page content  av-content-full alpha units'><div class='post-entry post-entry-type-page post-entry-963'><div class='entry-content-wrapper clearfix'>\n<div class='flex_column av-av_one_full-7714eba142aeda1f8b5272a3c372b279 av_one_full  avia-builder-el-34  avia-builder-el-no-sibling  first flex_column_div'     ><\/div>","protected":false},"excerpt":{"rendered":"","protected":false},"author":2,"featured_media":0,"parent":0,"menu_order":0,"comment_status":"closed","ping_status":"closed","template":"","meta":{"inline_featured_image":false,"footnotes":""},"class_list":["post-963","page","type-page","status-publish","hentry"],"yoast_head":"<!-- This site is optimized with the Yoast SEO plugin v20.5 - https:\/\/yoast.com\/wordpress\/plugins\/seo\/ -->\n<title>Politique de confidentialit\u00e9 - L&#039;Hydroptere 2.0<\/title>\n<meta name=\"robots\" content=\"noindex, nofollow\" \/>\n<meta property=\"og:locale\" content=\"en_US\" \/>\n<meta property=\"og:type\" content=\"article\" \/>\n<meta property=\"og:title\" content=\"Politique de confidentialit\u00e9 - L&#039;Hydroptere 2.0\" \/>\n<meta property=\"og:url\" content=\"https:\/\/lhydroptere.com\/en\/politique-de-confidentialite\/\" \/>\n<meta property=\"og:site_name\" content=\"L&#039;Hydroptere 2.0\" \/>\n<meta property=\"article:publisher\" content=\"https:\/\/www.facebook.com\/lhydroptere\/\" \/>\n<meta property=\"article:modified_time\" content=\"2023-04-26T12:04:59+00:00\" \/>\n<meta name=\"twitter:card\" content=\"summary_large_image\" \/>\n<meta name=\"twitter:label1\" content=\"Est. reading time\" \/>\n\t<meta name=\"twitter:data1\" content=\"21 minutes\" \/>\n<script type=\"application\/ld+json\" class=\"yoast-schema-graph\">{\"@context\":\"https:\/\/schema.org\",\"@graph\":[{\"@type\":\"WebPage\",\"@id\":\"https:\/\/lhydroptere.com\/politique-de-confidentialite\/\",\"url\":\"https:\/\/lhydroptere.com\/politique-de-confidentialite\/\",\"name\":\"Politique de confidentialit\u00e9 - L&#039;Hydroptere 2.0\",\"isPartOf\":{\"@id\":\"https:\/\/lhydroptere.com\/#website\"},\"datePublished\":\"2023-04-11T10:59:30+00:00\",\"dateModified\":\"2023-04-26T12:04:59+00:00\",\"breadcrumb\":{\"@id\":\"https:\/\/lhydroptere.com\/politique-de-confidentialite\/#breadcrumb\"},\"inLanguage\":\"en-US\",\"potentialAction\":[{\"@type\":\"ReadAction\",\"target\":[\"https:\/\/lhydroptere.com\/politique-de-confidentialite\/\"]}]},{\"@type\":\"BreadcrumbList\",\"@id\":\"https:\/\/lhydroptere.com\/politique-de-confidentialite\/#breadcrumb\",\"itemListElement\":[{\"@type\":\"ListItem\",\"position\":1,\"name\":\"Accueil\",\"item\":\"https:\/\/lhydroptere.com\/\"},{\"@type\":\"ListItem\",\"position\":2,\"name\":\"Politique de confidentialit\u00e9\"}]},{\"@type\":\"WebSite\",\"@id\":\"https:\/\/lhydroptere.com\/#website\",\"url\":\"https:\/\/lhydroptere.com\/\",\"name\":\"L'Hydroptere 2.0\",\"description\":\"\",\"publisher\":{\"@id\":\"https:\/\/lhydroptere.com\/#organization\"},\"potentialAction\":[{\"@type\":\"SearchAction\",\"target\":{\"@type\":\"EntryPoint\",\"urlTemplate\":\"https:\/\/lhydroptere.com\/?s={search_term_string}\"},\"query-input\":\"required name=search_term_string\"}],\"inLanguage\":\"en-US\"},{\"@type\":\"Organization\",\"@id\":\"https:\/\/lhydroptere.com\/#organization\",\"name\":\"L'Hydroptere 2.0\",\"url\":\"https:\/\/lhydroptere.com\/\",\"logo\":{\"@type\":\"ImageObject\",\"inLanguage\":\"en-US\",\"@id\":\"https:\/\/lhydroptere.com\/#\/schema\/logo\/image\/\",\"url\":\"https:\/\/lhydroptere.com\/wp-content\/uploads\/2023\/01\/Fichier-32.png\",\"contentUrl\":\"https:\/\/lhydroptere.com\/wp-content\/uploads\/2023\/01\/Fichier-32.png\",\"width\":194,\"height\":194,\"caption\":\"L'Hydroptere 2.0\"},\"image\":{\"@id\":\"https:\/\/lhydroptere.com\/#\/schema\/logo\/image\/\"},\"sameAs\":[\"https:\/\/www.facebook.com\/lhydroptere\/\",\"https:\/\/www.linkedin.com\/company\/lhydroptere\/\",\"https:\/\/www.instagram.com\/lhydroptere\/\"]}]}<\/script>\n<!-- \/ Yoast SEO plugin. -->","yoast_head_json":{"title":"Politique de confidentialit\u00e9 - L&#039;Hydroptere 2.0","robots":{"index":"noindex","follow":"nofollow"},"og_locale":"en_US","og_type":"article","og_title":"Politique de confidentialit\u00e9 - L&#039;Hydroptere 2.0","og_url":"https:\/\/lhydroptere.com\/en\/politique-de-confidentialite\/","og_site_name":"L&#039;Hydroptere 2.0","article_publisher":"https:\/\/www.facebook.com\/lhydroptere\/","article_modified_time":"2023-04-26T12:04:59+00:00","twitter_card":"summary_large_image","twitter_misc":{"Est. reading time":"21 minutes"},"schema":{"@context":"https:\/\/schema.org","@graph":[{"@type":"WebPage","@id":"https:\/\/lhydroptere.com\/politique-de-confidentialite\/","url":"https:\/\/lhydroptere.com\/politique-de-confidentialite\/","name":"Politique de confidentialit\u00e9 - L&#039;Hydroptere 2.0","isPartOf":{"@id":"https:\/\/lhydroptere.com\/#website"},"datePublished":"2023-04-11T10:59:30+00:00","dateModified":"2023-04-26T12:04:59+00:00","breadcrumb":{"@id":"https:\/\/lhydroptere.com\/politique-de-confidentialite\/#breadcrumb"},"inLanguage":"en-US","potentialAction":[{"@type":"ReadAction","target":["https:\/\/lhydroptere.com\/politique-de-confidentialite\/"]}]},{"@type":"BreadcrumbList","@id":"https:\/\/lhydroptere.com\/politique-de-confidentialite\/#breadcrumb","itemListElement":[{"@type":"ListItem","position":1,"name":"Accueil","item":"https:\/\/lhydroptere.com\/"},{"@type":"ListItem","position":2,"name":"Politique de confidentialit\u00e9"}]},{"@type":"WebSite","@id":"https:\/\/lhydroptere.com\/#website","url":"https:\/\/lhydroptere.com\/","name":"L'Hydroptere 2.0","description":"","publisher":{"@id":"https:\/\/lhydroptere.com\/#organization"},"potentialAction":[{"@type":"SearchAction","target":{"@type":"EntryPoint","urlTemplate":"https:\/\/lhydroptere.com\/?s={search_term_string}"},"query-input":"required name=search_term_string"}],"inLanguage":"en-US"},{"@type":"Organization","@id":"https:\/\/lhydroptere.com\/#organization","name":"L'Hydroptere 2.0","url":"https:\/\/lhydroptere.com\/","logo":{"@type":"ImageObject","inLanguage":"en-US","@id":"https:\/\/lhydroptere.com\/#\/schema\/logo\/image\/","url":"https:\/\/lhydroptere.com\/wp-content\/uploads\/2023\/01\/Fichier-32.png","contentUrl":"https:\/\/lhydroptere.com\/wp-content\/uploads\/2023\/01\/Fichier-32.png","width":194,"height":194,"caption":"L'Hydroptere 2.0"},"image":{"@id":"https:\/\/lhydroptere.com\/#\/schema\/logo\/image\/"},"sameAs":["https:\/\/www.facebook.com\/lhydroptere\/","https:\/\/www.linkedin.com\/company\/lhydroptere\/","https:\/\/www.instagram.com\/lhydroptere\/"]}]}},"_links":{"self":[{"href":"https:\/\/lhydroptere.com\/en\/wp-json\/wp\/v2\/pages\/963","targetHints":{"allow":["GET"]}}],"collection":[{"href":"https:\/\/lhydroptere.com\/en\/wp-json\/wp\/v2\/pages"}],"about":[{"href":"https:\/\/lhydroptere.com\/en\/wp-json\/wp\/v2\/types\/page"}],"author":[{"embeddable":true,"href":"https:\/\/lhydroptere.com\/en\/wp-json\/wp\/v2\/users\/2"}],"replies":[{"embeddable":true,"href":"https:\/\/lhydroptere.com\/en\/wp-json\/wp\/v2\/comments?post=963"}],"version-history":[{"count":18,"href":"https:\/\/lhydroptere.com\/en\/wp-json\/wp\/v2\/pages\/963\/revisions"}],"predecessor-version":[{"id":1340,"href":"https:\/\/lhydroptere.com\/en\/wp-json\/wp\/v2\/pages\/963\/revisions\/1340"}],"wp:attachment":[{"href":"https:\/\/lhydroptere.com\/en\/wp-json\/wp\/v2\/media?parent=963"}],"curies":[{"name":"wp","href":"https:\/\/api.w.org\/{rel}","templated":true}]}}